{"id":5205,"date":"2020-08-07T09:36:49","date_gmt":"2020-08-07T09:36:49","guid":{"rendered":"https:\/\/almazaraalcaraz.com\/tienda\/?page_id=5205"},"modified":"2020-10-30T12:13:49","modified_gmt":"2020-10-30T12:13:49","slug":"politica-de-cookies","status":"publish","type":"page","link":"https:\/\/almazaraalcaraz.com\/tienda\/politica-de-cookies\/","title":{"rendered":"Pol\u00edtica de Cookies"},"content":{"rendered":"<div class=\"wpb-content-wrapper\"><p>[vc_row css=\u00bb.vc_custom_1470217454829{margin-top: 3vw !important;margin-bottom: 1vw !important;}\u00bb][vc_column width=\u00bb1\/6&#8243;][\/vc_column][vc_column width=\u00bb4\/6&#8243;][vc_custom_heading text=\u00bbPol\u00edtica de Cookies\u00bb font_container=\u00bbtag:h2|font_size:39|text_align:center|color:%231c1a19|line_height:36px\u00bb google_fonts=\u00bbfont_family:Lato%3A100%2C100italic%2C300%2C300italic%2Cregular%2Citalic%2C700%2C700italic%2C900%2C900italic|font_style:900%20bold%20regular%3A900%3Anormal\u00bb][vc_empty_space height=\u00bb20px\u00bb][vc_column_text]El sitio web de AGROPECUARIA ECOLOGICA SIERRA DE ALCARAZ, S.L. utiliza cookies. Usted puede cambiar la configuraci\u00f3n o retirar su consentimiento de las cookies de nuestra web en cualquier momento.<\/p>\n<p>Esta p\u00e1gina utiliza tipos diferentes de cookies. Algunas cookies son colocadas por servicios de terceros que aparecen en nuestras p\u00e1ginas. Solo se almacenar\u00e1n cookies en su dispositivo si son estrictamente necesarias para el correcto funcionamiento del sitio web. Para todos los dem\u00e1s tipos de cookies necesitamos su consentimiento mediante la activaci\u00f3n de la casilla correspondiente.<\/p>\n<p>Tambi\u00e9n utilizamos cookies de anal\u00edtica web para medir y analizar la navegaci\u00f3n de los usuarios en nuestra p\u00e1gina web.<\/p>\n<p>Puede obtener m\u00e1s informaci\u00f3n sobre nosotros y c\u00f3mo contactarnos en nuestro <a href=\"https:\/\/almazaraalcaraz.com\/tienda\/aviso-legal\/\" target=\"_blank\" rel=\"noopener noreferrer\">Aviso legal<\/a> y de c\u00f3mo tratamos los datos personales en nuestra <a href=\"https:\/\/almazaraalcaraz.com\/tienda\/politica-privacidad\/\" target=\"_blank\" rel=\"noopener noreferrer\">Pol\u00edtica de Privacidad<\/a>.<\/p>\n<p><strong>\u00bfQU\u00c9 SON LAS COOKIES?<\/strong><\/p>\n<p>Una <em>cookie <\/em>es un fichero que se descarga en su dispositivo a trav\u00e9s de la web. Las <em>cookies <\/em>permiten a una p\u00e1gina web, entre otras cosas, hacer funcione correctamente, almacenar y recuperar informaci\u00f3n sobre los h\u00e1bitos de navegaci\u00f3n de un usuario o de su dispositivo y, dependiendo de la informaci\u00f3n que contengan y de la forma en que utilice su dispositivo, pueden utilizarse para reconocer al usuario.<\/p>\n<p><strong>TIPOS DE COOKIES<\/strong><\/p>\n<ul>\n<li><em>Cookies t\u00e9cnicas y funcionales:<\/em> son las estrictamente necesarias para el uso del sitio web y para la prestaci\u00f3n del servicio contratado.<\/li>\n<li><em>Cookies anal\u00edticas:<\/em> recogen informaci\u00f3n del uso que se realiza del sitio web.<\/li>\n<li><em>Cookies de preferencias y personalizaci\u00f3n:<\/em> Son aqu\u00e9llas que permiten al usuario acceder al servicio con algunas caracter\u00edsticas de car\u00e1cter general predefinidas en funci\u00f3n de una serie de criterios en el dispositivo<\/li>\n<li><em>Del usuario<\/em> como por ejemplo serian el idioma, el tipo de navegador a trav\u00e9s del cual accede al servicio, la configuraci\u00f3n regional desde donde accede al servicio, etc.<\/li>\n<li><em>Cookies sociales:<\/em> son aquellas necesarias para redes sociales externas.<\/li>\n<li><em>Cookies de publicidad y comportamentales:<\/em> recogen informaci\u00f3n sobre las preferencias y elecciones personales del usuario (retargeting).<\/li>\n<\/ul>\n<p><strong>DESACTIVACI\u00d3N DE COOKIES<\/strong><\/p>\n<p>Para permitir, conocer, bloquear o eliminar las cookies instaladas en su equipo puede hacerlo mediante la configuraci\u00f3n de las opciones del navegador instalado en su ordenador.<\/p>\n<p>Cambiar la configuraci\u00f3n de aceptaci\u00f3n de cookies, podr\u00eda entorpecer la navegaci\u00f3n y restarle funcionalidades a nuestra web. Aun as\u00ed, si quieres m\u00e1s informaci\u00f3n sobre su configuraci\u00f3n, puedes consultar las p\u00e1ginas web de los diferentes navegadores:<\/p>\n<p>Google Chrome: <span style=\"color: #808000;\"><a style=\"color: #808000;\" href=\"https:\/\/support.google.com\/chrome\/answer\/95647?hl=es\">https:\/\/support.google.com\/chrome\/answer\/95647?hl=es<\/a><\/span><\/p>\n<p>Firefox: <span style=\"color: #808000;\"><a style=\"color: #808000;\" href=\"http:\/\/support.mozilla.org\/es\/home\">http:\/\/support.mozilla.org\/es\/home<\/a><\/span><\/p>\n<p>Internet Explorer: <span style=\"color: #808000;\"><a style=\"color: #808000;\" href=\"http:\/\/support.microsoft.com\/ph\/807\/es-es\">http:\/\/support.microsoft.com\/ph\/807\/es-es<\/a><\/span><\/p>\n<p>Safari: <span style=\"color: #808000;\"><a style=\"color: #808000;\" href=\"http:\/\/support.apple.com\/kb\/HT1677?viewlocale=es_ES\">http:\/\/support.apple.com\/kb\/HT1677?viewlocale=es_ES<\/a><\/span><\/p>\n<p>Opera: <span style=\"color: #808000;\"><a style=\"color: #808000;\" href=\"http:\/\/help.opera.com\/Windows\/8.54\/es-ES\/index.html%20\">http:\/\/help.opera.com\/Windows\/8.54\/es-ES\/index.html<\/a><\/span>[\/vc_column_text][\/vc_column][vc_column width=\u00bb1\/6&#8243;][\/vc_column][\/vc_row]<\/p>\n<\/div>","protected":false},"excerpt":{"rendered":"<p>[vc_row css=\u00bb.vc_custom_1470217454829{margin-top: 3vw !important;margin-bottom: 1vw !important;}\u00bb][vc_column width=\u00bb1\/6&#8243;][\/vc_column][vc_column width=\u00bb4\/6&#8243;][vc_custom_heading text=\u00bbPol\u00edtica de Cookies\u00bb font_container=\u00bbtag:h2|font_size:39|text_align:center|color:%231c1a19|line_height:36px\u00bb google_fonts=\u00bbfont_family:Lato%3A100%2C100italic%2C300%2C300italic%2Cregular%2Citalic%2C700%2C700italic%2C900%2C900italic|font_style:900%20bold%20regular%3A900%3Anormal\u00bb][vc_empty_space height=\u00bb20px\u00bb][vc_column_text]El sitio web de AGROPECUARIA ECOLOGICA SIERRA DE ALCARAZ, S.L. utiliza cookies&#8230;.<\/p>\n","protected":false},"author":1,"featured_media":0,"parent":0,"menu_order":0,"comment_status":"closed","ping_status":"closed","template":"","meta":{"footnotes":""},"class_list":["post-5205","page","type-page","status-publish","hentry"],"yoast_head":"<!-- This site is optimized with the Yoast SEO plugin v27.0 - https:\/\/yoast.com\/product\/yoast-seo-wordpress\/ -->\n<title>Pol\u00edtica de Cookies - Almazara de Alcaraz<\/title>\n<meta name=\"robots\" content=\"index, follow, max-snippet:-1, max-image-preview:large, max-video-preview:-1\" \/>\n<link rel=\"canonical\" href=\"https:\/\/almazaraalcaraz.com\/tienda\/politica-de-cookies\/\" \/>\n<meta property=\"og:locale\" content=\"es_ES\" \/>\n<meta property=\"og:type\" content=\"article\" \/>\n<meta property=\"og:title\" content=\"Pol\u00edtica de Cookies - Almazara de Alcaraz\" \/>\n<meta property=\"og:description\" content=\"[vc_row css=\u00bb.vc_custom_1470217454829{margin-top: 3vw !important;margin-bottom: 1vw !important;}\u00bb][vc_column width=\u00bb1\/6&#8243;][\/vc_column][vc_column width=\u00bb4\/6&#8243;][vc_custom_heading text=\u00bbPol\u00edtica de Cookies\u00bb font_container=\u00bbtag:h2|font_size:39|text_align:center|color:%231c1a19|line_height:36px\u00bb google_fonts=\u00bbfont_family:Lato%3A100%2C100italic%2C300%2C300italic%2Cregular%2Citalic%2C700%2C700italic%2C900%2C900italic|font_style:900%20bold%20regular%3A900%3Anormal\u00bb][vc_empty_space height=\u00bb20px\u00bb][vc_column_text]El sitio web de AGROPECUARIA ECOLOGICA SIERRA DE ALCARAZ, S.L. utiliza cookies....\" \/>\n<meta property=\"og:url\" content=\"https:\/\/almazaraalcaraz.com\/tienda\/politica-de-cookies\/\" \/>\n<meta property=\"og:site_name\" content=\"Almazara de Alcaraz\" \/>\n<meta property=\"article:publisher\" content=\"https:\/\/www.facebook.com\/aesabio\/?locale=es_ES\" \/>\n<meta property=\"article:modified_time\" content=\"2020-10-30T12:13:49+00:00\" \/>\n<meta name=\"twitter:card\" content=\"summary_large_image\" \/>\n<meta name=\"twitter:label1\" content=\"Tiempo de lectura\" \/>\n\t<meta name=\"twitter:data1\" content=\"3 minutos\" \/>\n<script type=\"application\/ld+json\" class=\"yoast-schema-graph\">{\"@context\":\"https:\/\/schema.org\",\"@graph\":[{\"@type\":\"WebPage\",\"@id\":\"https:\/\/almazaraalcaraz.com\/tienda\/politica-de-cookies\/\",\"url\":\"https:\/\/almazaraalcaraz.com\/tienda\/politica-de-cookies\/\",\"name\":\"Pol\u00edtica de Cookies - Almazara de Alcaraz\",\"isPartOf\":{\"@id\":\"https:\/\/almazaraalcaraz.com\/tienda\/#website\"},\"datePublished\":\"2020-08-07T09:36:49+00:00\",\"dateModified\":\"2020-10-30T12:13:49+00:00\",\"breadcrumb\":{\"@id\":\"https:\/\/almazaraalcaraz.com\/tienda\/politica-de-cookies\/#breadcrumb\"},\"inLanguage\":\"es\",\"potentialAction\":[{\"@type\":\"ReadAction\",\"target\":[\"https:\/\/almazaraalcaraz.com\/tienda\/politica-de-cookies\/\"]}]},{\"@type\":\"BreadcrumbList\",\"@id\":\"https:\/\/almazaraalcaraz.com\/tienda\/politica-de-cookies\/#breadcrumb\",\"itemListElement\":[{\"@type\":\"ListItem\",\"position\":1,\"name\":\"Portada\",\"item\":\"https:\/\/almazaraalcaraz.com\/tienda\/\"},{\"@type\":\"ListItem\",\"position\":2,\"name\":\"Pol\u00edtica de Cookies\"}]},{\"@type\":\"WebSite\",\"@id\":\"https:\/\/almazaraalcaraz.com\/tienda\/#website\",\"url\":\"https:\/\/almazaraalcaraz.com\/tienda\/\",\"name\":\"Almazara de Alcaraz\",\"description\":\"Agropecuaria Ecol\u00f3gica Sierra de alcara\",\"publisher\":{\"@id\":\"https:\/\/almazaraalcaraz.com\/tienda\/#organization\"},\"potentialAction\":[{\"@type\":\"SearchAction\",\"target\":{\"@type\":\"EntryPoint\",\"urlTemplate\":\"https:\/\/almazaraalcaraz.com\/tienda\/?s={search_term_string}\"},\"query-input\":{\"@type\":\"PropertyValueSpecification\",\"valueRequired\":true,\"valueName\":\"search_term_string\"}}],\"inLanguage\":\"es\"},{\"@type\":\"Organization\",\"@id\":\"https:\/\/almazaraalcaraz.com\/tienda\/#organization\",\"name\":\"Almazara de Alcaraz\",\"url\":\"https:\/\/almazaraalcaraz.com\/tienda\/\",\"logo\":{\"@type\":\"ImageObject\",\"inLanguage\":\"es\",\"@id\":\"https:\/\/almazaraalcaraz.com\/tienda\/#\/schema\/logo\/image\/\",\"url\":\"https:\/\/almazaraalcaraz.com\/tienda\/wp-content\/uploads\/2023\/06\/Logo-AESA_masgordo.png\",\"contentUrl\":\"https:\/\/almazaraalcaraz.com\/tienda\/wp-content\/uploads\/2023\/06\/Logo-AESA_masgordo.png\",\"width\":591,\"height\":264,\"caption\":\"Almazara de Alcaraz\"},\"image\":{\"@id\":\"https:\/\/almazaraalcaraz.com\/tienda\/#\/schema\/logo\/image\/\"},\"sameAs\":[\"https:\/\/www.facebook.com\/aesabio\/?locale=es_ES\",\"https:\/\/www.youtube.com\/@AESAsierradealcaraz\"]}]}<\/script>\n<!-- \/ Yoast SEO plugin. -->","yoast_head_json":{"title":"Pol\u00edtica de Cookies - Almazara de Alcaraz","robots":{"index":"index","follow":"follow","max-snippet":"max-snippet:-1","max-image-preview":"max-image-preview:large","max-video-preview":"max-video-preview:-1"},"canonical":"https:\/\/almazaraalcaraz.com\/tienda\/politica-de-cookies\/","og_locale":"es_ES","og_type":"article","og_title":"Pol\u00edtica de Cookies - Almazara de Alcaraz","og_description":"[vc_row css=\u00bb.vc_custom_1470217454829{margin-top: 3vw !important;margin-bottom: 1vw !important;}\u00bb][vc_column width=\u00bb1\/6&#8243;][\/vc_column][vc_column width=\u00bb4\/6&#8243;][vc_custom_heading text=\u00bbPol\u00edtica de Cookies\u00bb font_container=\u00bbtag:h2|font_size:39|text_align:center|color:%231c1a19|line_height:36px\u00bb google_fonts=\u00bbfont_family:Lato%3A100%2C100italic%2C300%2C300italic%2Cregular%2Citalic%2C700%2C700italic%2C900%2C900italic|font_style:900%20bold%20regular%3A900%3Anormal\u00bb][vc_empty_space height=\u00bb20px\u00bb][vc_column_text]El sitio web de AGROPECUARIA ECOLOGICA SIERRA DE ALCARAZ, S.L. utiliza cookies....","og_url":"https:\/\/almazaraalcaraz.com\/tienda\/politica-de-cookies\/","og_site_name":"Almazara de Alcaraz","article_publisher":"https:\/\/www.facebook.com\/aesabio\/?locale=es_ES","article_modified_time":"2020-10-30T12:13:49+00:00","twitter_card":"summary_large_image","twitter_misc":{"Tiempo de lectura":"3 minutos"},"schema":{"@context":"https:\/\/schema.org","@graph":[{"@type":"WebPage","@id":"https:\/\/almazaraalcaraz.com\/tienda\/politica-de-cookies\/","url":"https:\/\/almazaraalcaraz.com\/tienda\/politica-de-cookies\/","name":"Pol\u00edtica de Cookies - Almazara de Alcaraz","isPartOf":{"@id":"https:\/\/almazaraalcaraz.com\/tienda\/#website"},"datePublished":"2020-08-07T09:36:49+00:00","dateModified":"2020-10-30T12:13:49+00:00","breadcrumb":{"@id":"https:\/\/almazaraalcaraz.com\/tienda\/politica-de-cookies\/#breadcrumb"},"inLanguage":"es","potentialAction":[{"@type":"ReadAction","target":["https:\/\/almazaraalcaraz.com\/tienda\/politica-de-cookies\/"]}]},{"@type":"BreadcrumbList","@id":"https:\/\/almazaraalcaraz.com\/tienda\/politica-de-cookies\/#breadcrumb","itemListElement":[{"@type":"ListItem","position":1,"name":"Portada","item":"https:\/\/almazaraalcaraz.com\/tienda\/"},{"@type":"ListItem","position":2,"name":"Pol\u00edtica de Cookies"}]},{"@type":"WebSite","@id":"https:\/\/almazaraalcaraz.com\/tienda\/#website","url":"https:\/\/almazaraalcaraz.com\/tienda\/","name":"Almazara de Alcaraz","description":"Agropecuaria Ecol\u00f3gica Sierra de alcara","publisher":{"@id":"https:\/\/almazaraalcaraz.com\/tienda\/#organization"},"potentialAction":[{"@type":"SearchAction","target":{"@type":"EntryPoint","urlTemplate":"https:\/\/almazaraalcaraz.com\/tienda\/?s={search_term_string}"},"query-input":{"@type":"PropertyValueSpecification","valueRequired":true,"valueName":"search_term_string"}}],"inLanguage":"es"},{"@type":"Organization","@id":"https:\/\/almazaraalcaraz.com\/tienda\/#organization","name":"Almazara de Alcaraz","url":"https:\/\/almazaraalcaraz.com\/tienda\/","logo":{"@type":"ImageObject","inLanguage":"es","@id":"https:\/\/almazaraalcaraz.com\/tienda\/#\/schema\/logo\/image\/","url":"https:\/\/almazaraalcaraz.com\/tienda\/wp-content\/uploads\/2023\/06\/Logo-AESA_masgordo.png","contentUrl":"https:\/\/almazaraalcaraz.com\/tienda\/wp-content\/uploads\/2023\/06\/Logo-AESA_masgordo.png","width":591,"height":264,"caption":"Almazara de Alcaraz"},"image":{"@id":"https:\/\/almazaraalcaraz.com\/tienda\/#\/schema\/logo\/image\/"},"sameAs":["https:\/\/www.facebook.com\/aesabio\/?locale=es_ES","https:\/\/www.youtube.com\/@AESAsierradealcaraz"]}]}},"_links":{"self":[{"href":"https:\/\/almazaraalcaraz.com\/tienda\/wp-json\/wp\/v2\/pages\/5205","targetHints":{"allow":["GET"]}}],"collection":[{"href":"https:\/\/almazaraalcaraz.com\/tienda\/wp-json\/wp\/v2\/pages"}],"about":[{"href":"https:\/\/almazaraalcaraz.com\/tienda\/wp-json\/wp\/v2\/types\/page"}],"author":[{"embeddable":true,"href":"https:\/\/almazaraalcaraz.com\/tienda\/wp-json\/wp\/v2\/users\/1"}],"replies":[{"embeddable":true,"href":"https:\/\/almazaraalcaraz.com\/tienda\/wp-json\/wp\/v2\/comments?post=5205"}],"version-history":[{"count":7,"href":"https:\/\/almazaraalcaraz.com\/tienda\/wp-json\/wp\/v2\/pages\/5205\/revisions"}],"predecessor-version":[{"id":5689,"href":"https:\/\/almazaraalcaraz.com\/tienda\/wp-json\/wp\/v2\/pages\/5205\/revisions\/5689"}],"wp:attachment":[{"href":"https:\/\/almazaraalcaraz.com\/tienda\/wp-json\/wp\/v2\/media?parent=5205"}],"curies":[{"name":"wp","href":"https:\/\/api.w.org\/{rel}","templated":true}]}}