{"id":6948,"date":"2023-09-18T15:24:39","date_gmt":"2023-09-18T15:24:39","guid":{"rendered":"https:\/\/almazaraalcaraz.com\/tienda\/?page_id=6948"},"modified":"2023-09-25T17:54:57","modified_gmt":"2023-09-25T17:54:57","slug":"contacto","status":"publish","type":"page","link":"https:\/\/almazaraalcaraz.com\/tienda\/contacto\/","title":{"rendered":"CONTACTO"},"content":{"rendered":"<div class=\"wpb-content-wrapper\"><p>[vc_row full_width=\u00bbstretch_row_content_no_spaces\u00bb et_uniqid=\u00bbet_custom_uniqid_5f5752ef9c2ad\u00bb _et_uniqid=\u00bbet_custom_uniqid_new_650096c84ba61&#8243; css=\u00bb.vc_custom_1694537428346{margin-bottom: -38px !important;padding-top: 200px !important;padding-bottom: 300px !important;background-image: url(https:\/\/almazaraalcaraz.com\/tienda\/wp-content\/uploads\/2023\/09\/WEB-ALCARAZ-TOP2.jpg?id=6950) !important;background-position: center !important;background-repeat: no-repeat !important;background-size: cover !important;}\u00bb][vc_column][\/vc_column][\/vc_row][vc_row][vc_column][vc_empty_space height=\u00bb62px\u00bb][vc_separator color=\u00bbcustom\u00bb style=\u00bbdouble\u00bb border_width=\u00bb4&#8243; accent_color=\u00bb#cccc33&#8243;][vc_custom_heading text=\u00bbCONTACTO\u00bb font_container=\u00bbtag:h2|font_size:36|text_align:center|color:%231e1e1e\u00bb google_fonts=\u00bbfont_family:Lato%3A100%2C100italic%2C300%2C300italic%2Cregular%2Citalic%2C700%2C700italic%2C900%2C900italic|font_style:900%20bold%20regular%3A900%3Anormal\u00bb][vc_empty_space][vc_separator color=\u00bbcustom\u00bb style=\u00bbdouble\u00bb border_width=\u00bb4&#8243; accent_color=\u00bb#cccc33&#8243;][vc_row_inner][vc_column_inner width=\u00bb1\/4&#8243;][vc_single_image image=\u00bb6956&#8243; img_size=\u00bbfull\u00bb][\/vc_column_inner][vc_column_inner width=\u00bb3\/4&#8243;][vc_empty_space][vc_column_text]La Agropecuaria Ecol\u00f3gica Sierra de Alcaraz (AESA), est\u00e1 enmarcada en el suroeste de Albacete, concretamente en la Sierra de Alcaraz, comarca eminentemente agr\u00edcola donde la cultura del aceite convive<br \/>\nestrechamente con sus habitantes.[\/vc_column_text][\/vc_column_inner][\/vc_row_inner][vc_empty_space][vc_separator color=\u00bbcustom\u00bb style=\u00bbdouble\u00bb border_width=\u00bb4&#8243; accent_color=\u00bb#cccc33&#8243;][vc_empty_space][vc_row_inner][vc_column_inner width=\u00bb1\/2&#8243;]        <link rel=\"stylesheet\" href=\"https:\/\/almazaraalcaraz.com\/tienda\/wp-content\/themes\/xstore\/css\/modules\/builders\/icon-boxes.min.css?ver=9.7\" type=\"text\/css\" media=\"all\" \/> \t\t\n\t\t<div\n                class=\"ibox-block  box-9919 icon-left align-left table\"\n                        >\n\t\t\t\t\t\t\t<div class=\"ibox-symbol\">\n\t\t\t\t\t<i class=\"fas fa-phone-square\"><\/i>\t\t\t\t<\/div>\n\t\t\t\n\t\t\t<div class=\"ibox-content\">\n\t\t\t\t\n\t\t\t\t\t\t\t\t\t<div class=\"ibox-text\">\n\t\t\t\t\t\tTel: <a href=\"tel:+34967380577\">+34 967 380 577<\/a>\t\t\t\t\t<\/div>\n\t\t\t\t\n\t\t\t\t\t\t\t<\/div>\n\n\t\t\t\n\t\t<\/div>\n\n\t\t        <link rel=\"stylesheet\" href=\"https:\/\/almazaraalcaraz.com\/tienda\/wp-content\/themes\/xstore\/css\/modules\/builders\/icon-boxes.min.css?ver=9.7\" type=\"text\/css\" media=\"all\" \/> \t\t\n\t\t<div\n                class=\"ibox-block  box-5363 icon-left align-left table\"\n                        >\n\t\t\t\t\t\t\t<div class=\"ibox-symbol\">\n\t\t\t\t\t<i class=\"fas fa-fax\"><\/i>\t\t\t\t<\/div>\n\t\t\t\n\t\t\t<div class=\"ibox-content\">\n\t\t\t\t\n\t\t\t\t\t\t\t\t\t<div class=\"ibox-text\">\n\t\t\t\t\t\tFax: +34 967 380 577\t\t\t\t\t<\/div>\n\t\t\t\t\n\t\t\t\t\t\t\t<\/div>\n\n\t\t\t\n\t\t<\/div>\n\n\t\t        <link rel=\"stylesheet\" href=\"https:\/\/almazaraalcaraz.com\/tienda\/wp-content\/themes\/xstore\/css\/modules\/builders\/icon-boxes.min.css?ver=9.7\" type=\"text\/css\" media=\"all\" \/> \t\t\n\t\t<div\n                class=\"ibox-block  box-9525 icon-left align-left table\"\n                        >\n\t\t\t\t\t\t\t<div class=\"ibox-symbol\">\n\t\t\t\t\t<i class=\"fas fa-envelope-open\"><\/i>\t\t\t\t<\/div>\n\t\t\t\n\t\t\t<div class=\"ibox-content\">\n\t\t\t\t\n\t\t\t\t\t\t\t\t\t<div class=\"ibox-text\">\n\t\t\t\t\t\t<a href=\"mailto:oficina@almazaraalcaraz.com\">oficina@almazaraalcaraz.com<\/a>\t\t\t\t\t<\/div>\n\t\t\t\t\n\t\t\t\t\t\t\t<\/div>\n\n\t\t\t\n\t\t<\/div>\n\n\t\t[\/vc_column_inner][vc_column_inner width=\u00bb1\/2&#8243;]        <link rel=\"stylesheet\" href=\"https:\/\/almazaraalcaraz.com\/tienda\/wp-content\/themes\/xstore\/css\/modules\/builders\/icon-boxes.min.css?ver=9.7\" type=\"text\/css\" media=\"all\" \/> \t\t\n\t\t<div\n                class=\"ibox-block  box-1877 icon-left align-left table\"\n                        >\n\t\t\t\t\t\t\t<div class=\"ibox-symbol\">\n\t\t\t\t\t<i class=\"fas fa-clock\"><\/i>\t\t\t\t<\/div>\n\t\t\t\n\t\t\t<div class=\"ibox-content\">\n\t\t\t\t\n\t\t\t\t\t\t\t\t\t<div class=\"ibox-text\">\n\t\t\t\t\t\tDe lunes a viernes de 8.30 a 13.30 h. y de 15.30 a 18.30 h.\t\t\t\t\t<\/div>\n\t\t\t\t\n\t\t\t\t\t\t\t<\/div>\n\n\t\t\t\n\t\t<\/div>\n\n\t\t        <link rel=\"stylesheet\" href=\"https:\/\/almazaraalcaraz.com\/tienda\/wp-content\/themes\/xstore\/css\/modules\/builders\/icon-boxes.min.css?ver=9.7\" type=\"text\/css\" media=\"all\" \/> \t\t\n\t\t<div\n                class=\"ibox-block  box-7381 icon-left align-left table\"\n                        >\n\t\t\t\t\t\t\t<div class=\"ibox-symbol\">\n\t\t\t\t\t<i class=\"fas fa-clock\"><\/i>\t\t\t\t<\/div>\n\t\t\t\n\t\t\t<div class=\"ibox-content\">\n\t\t\t\t\n\t\t\t\t\t\t\t\t\t<div class=\"ibox-text\">\n\t\t\t\t\t\t<\/p>\n<p class=\"white Estilo1\" align=\"left\">S\u00e1bados y Domingos de 10.00h a 13.00 h.<\/p>\n<p>\t\t\t\t\t<\/div>\n\t\t\t\t\n\t\t\t\t\t\t\t<\/div>\n\n\t\t\t\n\t\t<\/div>\n\n\t\t        <link rel=\"stylesheet\" href=\"https:\/\/almazaraalcaraz.com\/tienda\/wp-content\/themes\/xstore\/css\/modules\/builders\/icon-boxes.min.css?ver=9.7\" type=\"text\/css\" media=\"all\" \/> \t\t\n\t\t<div\n                class=\"ibox-block  box-7077 icon-left align-left table\"\n                        >\n\t\t\t\t\t\t\t<div class=\"ibox-symbol\">\n\t\t\t\t\t<i class=\"far fa-calendar-times\"><\/i>\t\t\t\t<\/div>\n\t\t\t\n\t\t\t<div class=\"ibox-content\">\n\t\t\t\t\n\t\t\t\t\t\t\t\t\t<div class=\"ibox-text\">\n\t\t\t\t\t\t<\/p>\n<p class=\"white Estilo1\" align=\"left\">Festivos cerrados<\/p>\n<p>\t\t\t\t\t<\/div>\n\t\t\t\t\n\t\t\t\t\t\t\t<\/div>\n\n\t\t\t\n\t\t<\/div>\n\n\t\t[\/vc_column_inner][\/vc_row_inner][vc_separator color=\u00bbcustom\u00bb style=\u00bbdouble\u00bb border_width=\u00bb4&#8243; accent_color=\u00bb#cccc33&#8243;][\/vc_column][\/vc_row][vc_row full_width=\u00bbstretch_row_content_no_spaces\u00bb et_uniqid=\u00bbet_custom_uniqid_5f5752ef9c2ad\u00bb _et_uniqid=\u00bbet_custom_uniqid_new_5f5753adae9f5&#8243; css=\u00bb.vc_custom_1599558579780{margin-bottom: -38px !important;}\u00bb][vc_column][vc_column_text]<\/p>\n<p class=\"contact\" style=\"text-align: center;\" align=\"left\"><span class=\"white Estilo1\">Almazara y Sede Social<\/span><\/p>\n<p class=\"white Estilo1\" style=\"text-align: center;\" align=\"left\">V\u00eda Verde de la Sierra de Alcaraz, s\/n, Apdo. Correos 37 &#8211; 02300 Alcaraz, ALBACETE, ESPA\u00d1A<\/p>\n<p>[\/vc_column_text][vc_gmaps link=\u00bb#E-8_JTNDaWZyYW1lJTIwc3JjJTNEJTIyaHR0cHMlM0ElMkYlMkZ3d3cuZ29vZ2xlLmNvbSUyRm1hcHMlMkZlbWJlZCUzRnBiJTNEJTIxMW0xOCUyMTFtMTIlMjExbTMlMjExZDQ2NTkuNDI1MDE2MTc3MTUzJTIxMmQtMi40OTU4NTUxMDcwNDg1MzM3JTIxM2QzOC42ODU3OTg4ODYzODA4MSUyMTJtMyUyMTFmMCUyMTJmMCUyMTNmMCUyMTNtMiUyMTFpMTAyNCUyMTJpNzY4JTIxNGYxMy4xJTIxM20zJTIxMW0yJTIxMXMweGQ2OGFiMTlmNzgxOWI0NyUyNTNBMHhiYTM1ZmVkZjQxNDAxNDhkJTIxMnNBR1JPUEVDVUFSSUElMjUyMEVDT0xPR0lDQSUyNTIwU0lFUlJBJTI1MjBERSUyNTIwQUxDQVJBWiUyNTIwU0wlMjE1ZTElMjEzbTIlMjExc2VzJTIxMnNlcyUyMTR2MTY5NDUzNzE2NTA3MyUyMTVtMiUyMTFzZXMlMjEyc2VzJTIyJTIwd2lkdGglM0QlMjI2MDAlMjIlMjBoZWlnaHQlM0QlMjI0NTAlMjIlMjBzdHlsZSUzRCUyMmJvcmRlciUzQTAlM0IlMjIlMjBhbGxvd2Z1bGxzY3JlZW4lM0QlMjIlMjIlMjBsb2FkaW5nJTNEJTIybGF6eSUyMiUyMHJlZmVycmVycG9saWN5JTNEJTIybm8tcmVmZXJyZXItd2hlbi1kb3duZ3JhZGUlMjIlM0UlM0MlMkZpZnJhbWUlM0U=\u00bb][\/vc_column][\/vc_row]<\/p>\n<\/div>","protected":false},"excerpt":{"rendered":"<p>[vc_row full_width=\u00bbstretch_row_content_no_spaces\u00bb et_uniqid=\u00bbet_custom_uniqid_5f5752ef9c2ad\u00bb _et_uniqid=\u00bbet_custom_uniqid_new_650096c84ba61&#8243; css=\u00bb.vc_custom_1694537428346{margin-bottom: -38px !important;padding-top: 200px !important;padding-bottom: 300px !important;background-image: url(https:\/\/almazaraalcaraz.com\/tienda\/wp-content\/uploads\/2023\/09\/WEB-ALCARAZ-TOP2.jpg?id=6950) !important;background-position: center !important;background-repeat: no-repeat !important;background-size: cover !important;}\u00bb][vc_column][\/vc_column][\/vc_row][vc_row][vc_column][vc_empty_space height=\u00bb62px\u00bb][vc_separator color=\u00bbcustom\u00bb style=\u00bbdouble\u00bb border_width=\u00bb4&#8243; accent_color=\u00bb#cccc33&#8243;][vc_custom_heading text=\u00bbCONTACTO\u00bb&#8230;<\/p>\n","protected":false},"author":2,"featured_media":0,"parent":0,"menu_order":0,"comment_status":"closed","ping_status":"closed","template":"","meta":{"footnotes":""},"class_list":["post-6948","page","type-page","status-publish","hentry"],"yoast_head":"<!-- This site is optimized with the Yoast SEO plugin v27.0 - https:\/\/yoast.com\/product\/yoast-seo-wordpress\/ -->\n<title>CONTACTO - Almazara de Alcaraz<\/title>\n<meta name=\"description\" content=\"Tel: +34 967 380 577, oficina@almazaraalcaraz.com, V\u00eda Verde de la Sierra de Alcaraz, s\/n, Apdo. Correos 37 \u2013 02300 Alcaraz, ALBACETE, ESPA\u00d1A\" \/>\n<meta name=\"robots\" content=\"index, follow, max-snippet:-1, max-image-preview:large, max-video-preview:-1\" \/>\n<link rel=\"canonical\" href=\"https:\/\/almazaraalcaraz.com\/tienda\/contacto\/\" \/>\n<meta property=\"og:locale\" content=\"es_ES\" \/>\n<meta property=\"og:type\" content=\"article\" \/>\n<meta property=\"og:title\" content=\"CONTACTO - Almazara de Alcaraz\" \/>\n<meta property=\"og:description\" content=\"Tel: +34 967 380 577, oficina@almazaraalcaraz.com, V\u00eda Verde de la Sierra de Alcaraz, s\/n, Apdo. Correos 37 \u2013 02300 Alcaraz, ALBACETE, ESPA\u00d1A\" \/>\n<meta property=\"og:url\" content=\"https:\/\/almazaraalcaraz.com\/tienda\/contacto\/\" \/>\n<meta property=\"og:site_name\" content=\"Almazara de Alcaraz\" \/>\n<meta property=\"article:publisher\" content=\"https:\/\/www.facebook.com\/aesabio\/?locale=es_ES\" \/>\n<meta property=\"article:modified_time\" content=\"2023-09-25T17:54:57+00:00\" \/>\n<meta name=\"twitter:card\" content=\"summary_large_image\" \/>\n<meta name=\"twitter:label1\" content=\"Tiempo de lectura\" \/>\n\t<meta name=\"twitter:data1\" content=\"1 minuto\" \/>\n<script type=\"application\/ld+json\" class=\"yoast-schema-graph\">{\"@context\":\"https:\/\/schema.org\",\"@graph\":[{\"@type\":\"WebPage\",\"@id\":\"https:\/\/almazaraalcaraz.com\/tienda\/contacto\/\",\"url\":\"https:\/\/almazaraalcaraz.com\/tienda\/contacto\/\",\"name\":\"CONTACTO - Almazara de Alcaraz\",\"isPartOf\":{\"@id\":\"https:\/\/almazaraalcaraz.com\/tienda\/#website\"},\"datePublished\":\"2023-09-18T15:24:39+00:00\",\"dateModified\":\"2023-09-25T17:54:57+00:00\",\"description\":\"Tel: +34 967 380 577, oficina@almazaraalcaraz.com, V\u00eda Verde de la Sierra de Alcaraz, s\/n, Apdo. Correos 37 \u2013 02300 Alcaraz, ALBACETE, ESPA\u00d1A\",\"breadcrumb\":{\"@id\":\"https:\/\/almazaraalcaraz.com\/tienda\/contacto\/#breadcrumb\"},\"inLanguage\":\"es\",\"potentialAction\":[{\"@type\":\"ReadAction\",\"target\":[\"https:\/\/almazaraalcaraz.com\/tienda\/contacto\/\"]}]},{\"@type\":\"BreadcrumbList\",\"@id\":\"https:\/\/almazaraalcaraz.com\/tienda\/contacto\/#breadcrumb\",\"itemListElement\":[{\"@type\":\"ListItem\",\"position\":1,\"name\":\"Portada\",\"item\":\"https:\/\/almazaraalcaraz.com\/tienda\/\"},{\"@type\":\"ListItem\",\"position\":2,\"name\":\"CONTACTO\"}]},{\"@type\":\"WebSite\",\"@id\":\"https:\/\/almazaraalcaraz.com\/tienda\/#website\",\"url\":\"https:\/\/almazaraalcaraz.com\/tienda\/\",\"name\":\"Almazara de Alcaraz\",\"description\":\"Agropecuaria Ecol\u00f3gica Sierra de alcara\",\"publisher\":{\"@id\":\"https:\/\/almazaraalcaraz.com\/tienda\/#organization\"},\"potentialAction\":[{\"@type\":\"SearchAction\",\"target\":{\"@type\":\"EntryPoint\",\"urlTemplate\":\"https:\/\/almazaraalcaraz.com\/tienda\/?s={search_term_string}\"},\"query-input\":{\"@type\":\"PropertyValueSpecification\",\"valueRequired\":true,\"valueName\":\"search_term_string\"}}],\"inLanguage\":\"es\"},{\"@type\":\"Organization\",\"@id\":\"https:\/\/almazaraalcaraz.com\/tienda\/#organization\",\"name\":\"Almazara de Alcaraz\",\"url\":\"https:\/\/almazaraalcaraz.com\/tienda\/\",\"logo\":{\"@type\":\"ImageObject\",\"inLanguage\":\"es\",\"@id\":\"https:\/\/almazaraalcaraz.com\/tienda\/#\/schema\/logo\/image\/\",\"url\":\"https:\/\/almazaraalcaraz.com\/tienda\/wp-content\/uploads\/2023\/06\/Logo-AESA_masgordo.png\",\"contentUrl\":\"https:\/\/almazaraalcaraz.com\/tienda\/wp-content\/uploads\/2023\/06\/Logo-AESA_masgordo.png\",\"width\":591,\"height\":264,\"caption\":\"Almazara de Alcaraz\"},\"image\":{\"@id\":\"https:\/\/almazaraalcaraz.com\/tienda\/#\/schema\/logo\/image\/\"},\"sameAs\":[\"https:\/\/www.facebook.com\/aesabio\/?locale=es_ES\",\"https:\/\/www.youtube.com\/@AESAsierradealcaraz\"]}]}<\/script>\n<!-- \/ Yoast SEO plugin. -->","yoast_head_json":{"title":"CONTACTO - Almazara de Alcaraz","description":"Tel: +34 967 380 577, oficina@almazaraalcaraz.com, V\u00eda Verde de la Sierra de Alcaraz, s\/n, Apdo. Correos 37 \u2013 02300 Alcaraz, ALBACETE, ESPA\u00d1A","robots":{"index":"index","follow":"follow","max-snippet":"max-snippet:-1","max-image-preview":"max-image-preview:large","max-video-preview":"max-video-preview:-1"},"canonical":"https:\/\/almazaraalcaraz.com\/tienda\/contacto\/","og_locale":"es_ES","og_type":"article","og_title":"CONTACTO - Almazara de Alcaraz","og_description":"Tel: +34 967 380 577, oficina@almazaraalcaraz.com, V\u00eda Verde de la Sierra de Alcaraz, s\/n, Apdo. Correos 37 \u2013 02300 Alcaraz, ALBACETE, ESPA\u00d1A","og_url":"https:\/\/almazaraalcaraz.com\/tienda\/contacto\/","og_site_name":"Almazara de Alcaraz","article_publisher":"https:\/\/www.facebook.com\/aesabio\/?locale=es_ES","article_modified_time":"2023-09-25T17:54:57+00:00","twitter_card":"summary_large_image","twitter_misc":{"Tiempo de lectura":"1 minuto"},"schema":{"@context":"https:\/\/schema.org","@graph":[{"@type":"WebPage","@id":"https:\/\/almazaraalcaraz.com\/tienda\/contacto\/","url":"https:\/\/almazaraalcaraz.com\/tienda\/contacto\/","name":"CONTACTO - Almazara de Alcaraz","isPartOf":{"@id":"https:\/\/almazaraalcaraz.com\/tienda\/#website"},"datePublished":"2023-09-18T15:24:39+00:00","dateModified":"2023-09-25T17:54:57+00:00","description":"Tel: +34 967 380 577, oficina@almazaraalcaraz.com, V\u00eda Verde de la Sierra de Alcaraz, s\/n, Apdo. Correos 37 \u2013 02300 Alcaraz, ALBACETE, ESPA\u00d1A","breadcrumb":{"@id":"https:\/\/almazaraalcaraz.com\/tienda\/contacto\/#breadcrumb"},"inLanguage":"es","potentialAction":[{"@type":"ReadAction","target":["https:\/\/almazaraalcaraz.com\/tienda\/contacto\/"]}]},{"@type":"BreadcrumbList","@id":"https:\/\/almazaraalcaraz.com\/tienda\/contacto\/#breadcrumb","itemListElement":[{"@type":"ListItem","position":1,"name":"Portada","item":"https:\/\/almazaraalcaraz.com\/tienda\/"},{"@type":"ListItem","position":2,"name":"CONTACTO"}]},{"@type":"WebSite","@id":"https:\/\/almazaraalcaraz.com\/tienda\/#website","url":"https:\/\/almazaraalcaraz.com\/tienda\/","name":"Almazara de Alcaraz","description":"Agropecuaria Ecol\u00f3gica Sierra de alcara","publisher":{"@id":"https:\/\/almazaraalcaraz.com\/tienda\/#organization"},"potentialAction":[{"@type":"SearchAction","target":{"@type":"EntryPoint","urlTemplate":"https:\/\/almazaraalcaraz.com\/tienda\/?s={search_term_string}"},"query-input":{"@type":"PropertyValueSpecification","valueRequired":true,"valueName":"search_term_string"}}],"inLanguage":"es"},{"@type":"Organization","@id":"https:\/\/almazaraalcaraz.com\/tienda\/#organization","name":"Almazara de Alcaraz","url":"https:\/\/almazaraalcaraz.com\/tienda\/","logo":{"@type":"ImageObject","inLanguage":"es","@id":"https:\/\/almazaraalcaraz.com\/tienda\/#\/schema\/logo\/image\/","url":"https:\/\/almazaraalcaraz.com\/tienda\/wp-content\/uploads\/2023\/06\/Logo-AESA_masgordo.png","contentUrl":"https:\/\/almazaraalcaraz.com\/tienda\/wp-content\/uploads\/2023\/06\/Logo-AESA_masgordo.png","width":591,"height":264,"caption":"Almazara de Alcaraz"},"image":{"@id":"https:\/\/almazaraalcaraz.com\/tienda\/#\/schema\/logo\/image\/"},"sameAs":["https:\/\/www.facebook.com\/aesabio\/?locale=es_ES","https:\/\/www.youtube.com\/@AESAsierradealcaraz"]}]}},"_links":{"self":[{"href":"https:\/\/almazaraalcaraz.com\/tienda\/wp-json\/wp\/v2\/pages\/6948","targetHints":{"allow":["GET"]}}],"collection":[{"href":"https:\/\/almazaraalcaraz.com\/tienda\/wp-json\/wp\/v2\/pages"}],"about":[{"href":"https:\/\/almazaraalcaraz.com\/tienda\/wp-json\/wp\/v2\/types\/page"}],"author":[{"embeddable":true,"href":"https:\/\/almazaraalcaraz.com\/tienda\/wp-json\/wp\/v2\/users\/2"}],"replies":[{"embeddable":true,"href":"https:\/\/almazaraalcaraz.com\/tienda\/wp-json\/wp\/v2\/comments?post=6948"}],"version-history":[{"count":27,"href":"https:\/\/almazaraalcaraz.com\/tienda\/wp-json\/wp\/v2\/pages\/6948\/revisions"}],"predecessor-version":[{"id":7384,"href":"https:\/\/almazaraalcaraz.com\/tienda\/wp-json\/wp\/v2\/pages\/6948\/revisions\/7384"}],"wp:attachment":[{"href":"https:\/\/almazaraalcaraz.com\/tienda\/wp-json\/wp\/v2\/media?parent=6948"}],"curies":[{"name":"wp","href":"https:\/\/api.w.org\/{rel}","templated":true}]}}