{"id":7052,"date":"2023-09-18T17:18:33","date_gmt":"2023-09-18T17:18:33","guid":{"rendered":"https:\/\/almazaraalcaraz.com\/tienda\/?page_id=7052"},"modified":"2023-09-21T16:31:28","modified_gmt":"2023-09-21T16:31:28","slug":"turismo-en-alcaraz","status":"publish","type":"page","link":"https:\/\/almazaraalcaraz.com\/tienda\/turismo-en-alcaraz\/","title":{"rendered":"TURISMO EN ALCARAZ"},"content":{"rendered":"<div class=\"wpb-content-wrapper\"><p>[vc_row full_width=\u00bbstretch_row_content_no_spaces\u00bb et_uniqid=\u00bbet_custom_uniqid_5f5752ef9c2ad\u00bb _et_uniqid=\u00bbet_custom_uniqid_new_6508788d32ab0&#8243; css=\u00bb.vc_custom_1695053999598{margin-bottom: -38px !important;padding-top: 200px !important;padding-bottom: 300px !important;background-image: url(https:\/\/almazaraalcaraz.com\/tienda\/wp-content\/uploads\/2023\/09\/WEB-ALCARAZ-TOP2.jpg?id=6950) !important;}\u00bb][vc_column][\/vc_column][\/vc_row][vc_row][vc_column][vc_empty_space height=\u00bb62px\u00bb][vc_custom_heading text=\u00bbTURISMO EN ALCARAZ\u00bb font_container=\u00bbtag:h2|font_size:36|text_align:center|color:%231e1e1e\u00bb google_fonts=\u00bbfont_family:Lato%3A100%2C100italic%2C300%2C300italic%2Cregular%2Citalic%2C700%2C700italic%2C900%2C900italic|font_style:900%20bold%20regular%3A900%3Anormal\u00bb][vc_row_inner][vc_column_inner width=\u00bb1\/4&#8243;][vc_single_image image=\u00bb7140&#8243; img_size=\u00bbfull\u00bb alignment=\u00bbcenter\u00bb][\/vc_column_inner][vc_column_inner width=\u00bb3\/4&#8243;][vc_empty_space height=\u00bb52px\u00bb][vc_column_text]<\/p>\n<p class=\"featured\" align=\"left\"><em><strong>Alcaraz<\/strong><\/em>, a 3 km de <em><strong>AESA<\/strong><\/em>, la poblaci\u00f3n que le da nombre a la Sierra que lo rodea y por ende a nuestra empresa, es uno de los Conjuntos Hist\u00f3ricos m\u00e1s bellos de la provincia de Albacete, pasearse por sus calles o recorrer los paisajes que le rodean son una opci\u00f3n de turismo rural que merece la pena.<\/p>\n<p>[\/vc_column_text][vc_btn title=\u00bbM\u00e1s informaci\u00f3n\u00bb size=\u00bblg\u00bb align=\u00bbcenter\u00bb link=\u00bburl:https%3A%2F%2Fturismoalcaraz.com%2F|target:_blank\u00bb][\/vc_column_inner][\/vc_row_inner][vc_single_image image=\u00bb7143&#8243; img_size=\u00bbfull\u00bb alignment=\u00bbcenter\u00bb onclick=\u00bbcustom_link\u00bb img_link_target=\u00bb_blank\u00bb link=\u00bbhttp:\/\/www.el-palomar.com\/\u00bb][vc_separator color=\u00bbcustom\u00bb style=\u00bbdouble\u00bb border_width=\u00bb4&#8243; accent_color=\u00bb#cccc33&#8243;][vc_row_inner][vc_column_inner width=\u00bb1\/2&#8243;][vc_single_image image=\u00bb7055&#8243; img_size=\u00bbfull\u00bb alignment=\u00bbcenter\u00bb][\/vc_column_inner][vc_column_inner width=\u00bb1\/2&#8243;][vc_empty_space][vc_column_text]<\/p>\n<p class=\"featured\" align=\"left\"><em><strong>AESA<\/strong><\/em> se encuentra en una comarca de especial importancia medio ambiental, rodeada de espacios naturales protegidos y dentro del t\u00e9rmino municipal de Alcaraz, que est\u00e1 asociado a la Red Espa\u00f1ola de Municipios del Olivo.<\/p>\n<p class=\"featured\" align=\"left\">Donde se cruzan los caminos de la ruta del Quijote y la V\u00eda Verde de la Sierra de Alcaraz, que pasa por la misma puerta de la almazara, sum\u00e1ndose como apellido a la marca gourmet de <em><strong>AESA<\/strong><\/em>: <em><strong>\u201cO\u00b4oleum de la V\u00eda Verde\u201d<\/strong><\/em><\/p>\n<p>[\/vc_column_text][vc_single_image image=\u00bb7054&#8243; img_size=\u00bbfull\u00bb alignment=\u00bbcenter\u00bb][\/vc_column_inner][\/vc_row_inner][vc_separator color=\u00bbcustom\u00bb style=\u00bbdouble\u00bb border_width=\u00bb4&#8243; accent_color=\u00bb#cccc33&#8243;][vc_empty_space][vc_row_inner][vc_column_inner width=\u00bb1\/2&#8243;][vc_single_image image=\u00bb7069&#8243; img_size=\u00bbfull\u00bb alignment=\u00bbcenter\u00bb onclick=\u00bbcustom_link\u00bb img_link_target=\u00bb_blank\u00bb link=\u00bbhttps:\/\/balneariodebenito.es\/\u00bb][\/vc_column_inner][vc_column_inner width=\u00bb1\/2&#8243; _et_uniqid=\u00bbet_custom_uniqid_new_65088508a4b3b\u00bb][vc_single_image image=\u00bb7067&#8243; img_size=\u00bbfull\u00bb alignment=\u00bbcenter\u00bb onclick=\u00bbcustom_link\u00bb img_link_target=\u00bb_blank\u00bb link=\u00bbhttps:\/\/balneariodebenito.es\/\u00bb][vc_column_text]<\/p>\n<p class=\"contact\" align=\"justify\">Apenas a media hora podemos encontrar nen\u00fafares en la Laguna del Arquillo, o pasear por el Estrecho del Hocino, camino del Baleario de Benito donde podemos disfrutar de las m\u00e1s modernas instalaciones.<\/p>\n<p>[\/vc_column_text][\/vc_column_inner][\/vc_row_inner][vc_empty_space][vc_separator color=\u00bbcustom\u00bb style=\u00bbdouble\u00bb border_width=\u00bb4&#8243; accent_color=\u00bb#cccc33&#8243;][vc_empty_space][vc_row_inner][vc_column_inner width=\u00bb1\/4&#8243;][vc_single_image image=\u00bb7078&#8243; img_size=\u00bb\u00bb alignment=\u00bbcenter\u00bb onclick=\u00bbcustom_link\u00bb img_link_target=\u00bb_blank\u00bb link=\u00bbhttp:\/\/www.el-palomar.com\/\u00bb][vc_column_text]<\/p>\n<p class=\"contact\" align=\"justify\">O pasar unos d\u00edas en la finca El Palomar, donde disfrutar de la caza de la perdiz roja o, los peque\u00f1os, pueden experimentar la naturaleza en sus campamentos de verano.<\/p>\n<p>[\/vc_column_text][\/vc_column_inner][vc_column_inner width=\u00bb3\/4&#8243; _et_uniqid=\u00bbet_custom_uniqid_new_650885332fee0&#8243;][vc_single_image image=\u00bb7077&#8243; img_size=\u00bbfull\u00bb alignment=\u00bbcenter\u00bb onclick=\u00bbcustom_link\u00bb img_link_target=\u00bb_blank\u00bb link=\u00bbhttp:\/\/www.el-palomar.com\/\u00bb][\/vc_column_inner][\/vc_row_inner][vc_empty_space][vc_empty_space][\/vc_column][\/vc_row]<\/p>\n<\/div>","protected":false},"excerpt":{"rendered":"<p>[vc_row full_width=\u00bbstretch_row_content_no_spaces\u00bb et_uniqid=\u00bbet_custom_uniqid_5f5752ef9c2ad\u00bb _et_uniqid=\u00bbet_custom_uniqid_new_6508788d32ab0&#8243; css=\u00bb.vc_custom_1695053999598{margin-bottom: -38px !important;padding-top: 200px !important;padding-bottom: 300px !important;background-image: url(https:\/\/almazaraalcaraz.com\/tienda\/wp-content\/uploads\/2023\/09\/WEB-ALCARAZ-TOP2.jpg?id=6950) !important;}\u00bb][vc_column][\/vc_column][\/vc_row][vc_row][vc_column][vc_empty_space height=\u00bb62px\u00bb][vc_custom_heading text=\u00bbTURISMO EN ALCARAZ\u00bb font_container=\u00bbtag:h2|font_size:36|text_align:center|color:%231e1e1e\u00bb google_fonts=\u00bbfont_family:Lato%3A100%2C100italic%2C300%2C300italic%2Cregular%2Citalic%2C700%2C700italic%2C900%2C900italic|font_style:900%20bold%20regular%3A900%3Anormal\u00bb][vc_row_inner][vc_column_inner width=\u00bb1\/4&#8243;][vc_single_image image=\u00bb7140&#8243; img_size=\u00bbfull\u00bb alignment=\u00bbcenter\u00bb][\/vc_column_inner][vc_column_inner width=\u00bb3\/4&#8243;][vc_empty_space height=\u00bb52px\u00bb][vc_column_text]&#8230;<\/p>\n","protected":false},"author":2,"featured_media":0,"parent":0,"menu_order":0,"comment_status":"closed","ping_status":"closed","template":"","meta":{"footnotes":""},"class_list":["post-7052","page","type-page","status-publish","hentry"],"yoast_head":"<!-- This site is optimized with the Yoast SEO plugin v27.0 - https:\/\/yoast.com\/product\/yoast-seo-wordpress\/ -->\n<title>TURISMO EN ALCARAZ - Almazara de Alcaraz<\/title>\n<meta name=\"robots\" content=\"index, follow, max-snippet:-1, max-image-preview:large, max-video-preview:-1\" \/>\n<link rel=\"canonical\" href=\"https:\/\/almazaraalcaraz.com\/tienda\/turismo-en-alcaraz\/\" \/>\n<meta property=\"og:locale\" content=\"es_ES\" \/>\n<meta property=\"og:type\" content=\"article\" \/>\n<meta property=\"og:title\" content=\"TURISMO EN ALCARAZ - Almazara de Alcaraz\" \/>\n<meta property=\"og:description\" content=\"[vc_row full_width=\u00bbstretch_row_content_no_spaces\u00bb et_uniqid=\u00bbet_custom_uniqid_5f5752ef9c2ad\u00bb _et_uniqid=\u00bbet_custom_uniqid_new_6508788d32ab0&#8243; css=\u00bb.vc_custom_1695053999598{margin-bottom: -38px !important;padding-top: 200px !important;padding-bottom: 300px !important;background-image: url(https:\/\/almazaraalcaraz.com\/tienda\/wp-content\/uploads\/2023\/09\/WEB-ALCARAZ-TOP2.jpg?id=6950) !important;}\u00bb][vc_column][\/vc_column][\/vc_row][vc_row][vc_column][vc_empty_space height=\u00bb62px\u00bb][vc_custom_heading text=\u00bbTURISMO EN ALCARAZ\u00bb font_container=\u00bbtag:h2|font_size:36|text_align:center|color:%231e1e1e\u00bb google_fonts=\u00bbfont_family:Lato%3A100%2C100italic%2C300%2C300italic%2Cregular%2Citalic%2C700%2C700italic%2C900%2C900italic|font_style:900%20bold%20regular%3A900%3Anormal\u00bb][vc_row_inner][vc_column_inner width=\u00bb1\/4&#8243;][vc_single_image image=\u00bb7140&#8243; img_size=\u00bbfull\u00bb alignment=\u00bbcenter\u00bb][\/vc_column_inner][vc_column_inner width=\u00bb3\/4&#8243;][vc_empty_space height=\u00bb52px\u00bb][vc_column_text]...\" \/>\n<meta property=\"og:url\" content=\"https:\/\/almazaraalcaraz.com\/tienda\/turismo-en-alcaraz\/\" \/>\n<meta property=\"og:site_name\" content=\"Almazara de Alcaraz\" \/>\n<meta property=\"article:publisher\" content=\"https:\/\/www.facebook.com\/aesabio\/?locale=es_ES\" \/>\n<meta property=\"article:modified_time\" content=\"2023-09-21T16:31:28+00:00\" \/>\n<meta name=\"twitter:card\" content=\"summary_large_image\" \/>\n<meta name=\"twitter:label1\" content=\"Tiempo de lectura\" \/>\n\t<meta name=\"twitter:data1\" content=\"3 minutos\" \/>\n<script type=\"application\/ld+json\" class=\"yoast-schema-graph\">{\"@context\":\"https:\/\/schema.org\",\"@graph\":[{\"@type\":\"WebPage\",\"@id\":\"https:\/\/almazaraalcaraz.com\/tienda\/turismo-en-alcaraz\/\",\"url\":\"https:\/\/almazaraalcaraz.com\/tienda\/turismo-en-alcaraz\/\",\"name\":\"TURISMO EN ALCARAZ - Almazara de Alcaraz\",\"isPartOf\":{\"@id\":\"https:\/\/almazaraalcaraz.com\/tienda\/#website\"},\"datePublished\":\"2023-09-18T17:18:33+00:00\",\"dateModified\":\"2023-09-21T16:31:28+00:00\",\"breadcrumb\":{\"@id\":\"https:\/\/almazaraalcaraz.com\/tienda\/turismo-en-alcaraz\/#breadcrumb\"},\"inLanguage\":\"es\",\"potentialAction\":[{\"@type\":\"ReadAction\",\"target\":[\"https:\/\/almazaraalcaraz.com\/tienda\/turismo-en-alcaraz\/\"]}]},{\"@type\":\"BreadcrumbList\",\"@id\":\"https:\/\/almazaraalcaraz.com\/tienda\/turismo-en-alcaraz\/#breadcrumb\",\"itemListElement\":[{\"@type\":\"ListItem\",\"position\":1,\"name\":\"Portada\",\"item\":\"https:\/\/almazaraalcaraz.com\/tienda\/\"},{\"@type\":\"ListItem\",\"position\":2,\"name\":\"TURISMO EN ALCARAZ\"}]},{\"@type\":\"WebSite\",\"@id\":\"https:\/\/almazaraalcaraz.com\/tienda\/#website\",\"url\":\"https:\/\/almazaraalcaraz.com\/tienda\/\",\"name\":\"Almazara de Alcaraz\",\"description\":\"Agropecuaria Ecol\u00f3gica Sierra de alcara\",\"publisher\":{\"@id\":\"https:\/\/almazaraalcaraz.com\/tienda\/#organization\"},\"potentialAction\":[{\"@type\":\"SearchAction\",\"target\":{\"@type\":\"EntryPoint\",\"urlTemplate\":\"https:\/\/almazaraalcaraz.com\/tienda\/?s={search_term_string}\"},\"query-input\":{\"@type\":\"PropertyValueSpecification\",\"valueRequired\":true,\"valueName\":\"search_term_string\"}}],\"inLanguage\":\"es\"},{\"@type\":\"Organization\",\"@id\":\"https:\/\/almazaraalcaraz.com\/tienda\/#organization\",\"name\":\"Almazara de Alcaraz\",\"url\":\"https:\/\/almazaraalcaraz.com\/tienda\/\",\"logo\":{\"@type\":\"ImageObject\",\"inLanguage\":\"es\",\"@id\":\"https:\/\/almazaraalcaraz.com\/tienda\/#\/schema\/logo\/image\/\",\"url\":\"https:\/\/almazaraalcaraz.com\/tienda\/wp-content\/uploads\/2023\/06\/Logo-AESA_masgordo.png\",\"contentUrl\":\"https:\/\/almazaraalcaraz.com\/tienda\/wp-content\/uploads\/2023\/06\/Logo-AESA_masgordo.png\",\"width\":591,\"height\":264,\"caption\":\"Almazara de Alcaraz\"},\"image\":{\"@id\":\"https:\/\/almazaraalcaraz.com\/tienda\/#\/schema\/logo\/image\/\"},\"sameAs\":[\"https:\/\/www.facebook.com\/aesabio\/?locale=es_ES\",\"https:\/\/www.youtube.com\/@AESAsierradealcaraz\"]}]}<\/script>\n<!-- \/ Yoast SEO plugin. -->","yoast_head_json":{"title":"TURISMO EN ALCARAZ - Almazara de Alcaraz","robots":{"index":"index","follow":"follow","max-snippet":"max-snippet:-1","max-image-preview":"max-image-preview:large","max-video-preview":"max-video-preview:-1"},"canonical":"https:\/\/almazaraalcaraz.com\/tienda\/turismo-en-alcaraz\/","og_locale":"es_ES","og_type":"article","og_title":"TURISMO EN ALCARAZ - Almazara de Alcaraz","og_description":"[vc_row full_width=\u00bbstretch_row_content_no_spaces\u00bb et_uniqid=\u00bbet_custom_uniqid_5f5752ef9c2ad\u00bb _et_uniqid=\u00bbet_custom_uniqid_new_6508788d32ab0&#8243; css=\u00bb.vc_custom_1695053999598{margin-bottom: -38px !important;padding-top: 200px !important;padding-bottom: 300px !important;background-image: url(https:\/\/almazaraalcaraz.com\/tienda\/wp-content\/uploads\/2023\/09\/WEB-ALCARAZ-TOP2.jpg?id=6950) !important;}\u00bb][vc_column][\/vc_column][\/vc_row][vc_row][vc_column][vc_empty_space height=\u00bb62px\u00bb][vc_custom_heading text=\u00bbTURISMO EN ALCARAZ\u00bb font_container=\u00bbtag:h2|font_size:36|text_align:center|color:%231e1e1e\u00bb google_fonts=\u00bbfont_family:Lato%3A100%2C100italic%2C300%2C300italic%2Cregular%2Citalic%2C700%2C700italic%2C900%2C900italic|font_style:900%20bold%20regular%3A900%3Anormal\u00bb][vc_row_inner][vc_column_inner width=\u00bb1\/4&#8243;][vc_single_image image=\u00bb7140&#8243; img_size=\u00bbfull\u00bb alignment=\u00bbcenter\u00bb][\/vc_column_inner][vc_column_inner width=\u00bb3\/4&#8243;][vc_empty_space height=\u00bb52px\u00bb][vc_column_text]...","og_url":"https:\/\/almazaraalcaraz.com\/tienda\/turismo-en-alcaraz\/","og_site_name":"Almazara de Alcaraz","article_publisher":"https:\/\/www.facebook.com\/aesabio\/?locale=es_ES","article_modified_time":"2023-09-21T16:31:28+00:00","twitter_card":"summary_large_image","twitter_misc":{"Tiempo de lectura":"3 minutos"},"schema":{"@context":"https:\/\/schema.org","@graph":[{"@type":"WebPage","@id":"https:\/\/almazaraalcaraz.com\/tienda\/turismo-en-alcaraz\/","url":"https:\/\/almazaraalcaraz.com\/tienda\/turismo-en-alcaraz\/","name":"TURISMO EN ALCARAZ - Almazara de Alcaraz","isPartOf":{"@id":"https:\/\/almazaraalcaraz.com\/tienda\/#website"},"datePublished":"2023-09-18T17:18:33+00:00","dateModified":"2023-09-21T16:31:28+00:00","breadcrumb":{"@id":"https:\/\/almazaraalcaraz.com\/tienda\/turismo-en-alcaraz\/#breadcrumb"},"inLanguage":"es","potentialAction":[{"@type":"ReadAction","target":["https:\/\/almazaraalcaraz.com\/tienda\/turismo-en-alcaraz\/"]}]},{"@type":"BreadcrumbList","@id":"https:\/\/almazaraalcaraz.com\/tienda\/turismo-en-alcaraz\/#breadcrumb","itemListElement":[{"@type":"ListItem","position":1,"name":"Portada","item":"https:\/\/almazaraalcaraz.com\/tienda\/"},{"@type":"ListItem","position":2,"name":"TURISMO EN ALCARAZ"}]},{"@type":"WebSite","@id":"https:\/\/almazaraalcaraz.com\/tienda\/#website","url":"https:\/\/almazaraalcaraz.com\/tienda\/","name":"Almazara de Alcaraz","description":"Agropecuaria Ecol\u00f3gica Sierra de alcara","publisher":{"@id":"https:\/\/almazaraalcaraz.com\/tienda\/#organization"},"potentialAction":[{"@type":"SearchAction","target":{"@type":"EntryPoint","urlTemplate":"https:\/\/almazaraalcaraz.com\/tienda\/?s={search_term_string}"},"query-input":{"@type":"PropertyValueSpecification","valueRequired":true,"valueName":"search_term_string"}}],"inLanguage":"es"},{"@type":"Organization","@id":"https:\/\/almazaraalcaraz.com\/tienda\/#organization","name":"Almazara de Alcaraz","url":"https:\/\/almazaraalcaraz.com\/tienda\/","logo":{"@type":"ImageObject","inLanguage":"es","@id":"https:\/\/almazaraalcaraz.com\/tienda\/#\/schema\/logo\/image\/","url":"https:\/\/almazaraalcaraz.com\/tienda\/wp-content\/uploads\/2023\/06\/Logo-AESA_masgordo.png","contentUrl":"https:\/\/almazaraalcaraz.com\/tienda\/wp-content\/uploads\/2023\/06\/Logo-AESA_masgordo.png","width":591,"height":264,"caption":"Almazara de Alcaraz"},"image":{"@id":"https:\/\/almazaraalcaraz.com\/tienda\/#\/schema\/logo\/image\/"},"sameAs":["https:\/\/www.facebook.com\/aesabio\/?locale=es_ES","https:\/\/www.youtube.com\/@AESAsierradealcaraz"]}]}},"_links":{"self":[{"href":"https:\/\/almazaraalcaraz.com\/tienda\/wp-json\/wp\/v2\/pages\/7052","targetHints":{"allow":["GET"]}}],"collection":[{"href":"https:\/\/almazaraalcaraz.com\/tienda\/wp-json\/wp\/v2\/pages"}],"about":[{"href":"https:\/\/almazaraalcaraz.com\/tienda\/wp-json\/wp\/v2\/types\/page"}],"author":[{"embeddable":true,"href":"https:\/\/almazaraalcaraz.com\/tienda\/wp-json\/wp\/v2\/users\/2"}],"replies":[{"embeddable":true,"href":"https:\/\/almazaraalcaraz.com\/tienda\/wp-json\/wp\/v2\/comments?post=7052"}],"version-history":[{"count":28,"href":"https:\/\/almazaraalcaraz.com\/tienda\/wp-json\/wp\/v2\/pages\/7052\/revisions"}],"predecessor-version":[{"id":7144,"href":"https:\/\/almazaraalcaraz.com\/tienda\/wp-json\/wp\/v2\/pages\/7052\/revisions\/7144"}],"wp:attachment":[{"href":"https:\/\/almazaraalcaraz.com\/tienda\/wp-json\/wp\/v2\/media?parent=7052"}],"curies":[{"name":"wp","href":"https:\/\/api.w.org\/{rel}","templated":true}]}}