{"id":5154,"date":"2020-08-04T19:35:40","date_gmt":"2020-08-04T19:35:40","guid":{"rendered":"https:\/\/almazaraalcaraz.com\/tienda\/?post_type=product&#038;p=5154"},"modified":"2026-02-10T12:14:37","modified_gmt":"2026-02-10T12:14:37","slug":"olv-virgen-extra-ecologico-envase-de-vidrio-250-ml","status":"publish","type":"product","link":"https:\/\/almazaraalcaraz.com\/tienda\/producto\/olv-virgen-extra-ecologico-envase-de-vidrio-250-ml\/","title":{"rendered":"OLV &#8211; Aceite de Oliva Virgen Extra Ecol\u00f3gico &#8211; 6 Botellas de 250ml"},"content":{"rendered":"<div class=\"wpb-content-wrapper\"><p>[vc_row][vc_column][vc_column_text]<\/p>\n<p class=\"cvGsUA direction-ltr align-center para-style-body\" style=\"text-align: center;\"><span class=\"OYPEnA font-feature-liga-off font-feature-clig-off font-feature-calt-off text-decoration-none text-strikethrough-none\">OLV<\/span><span class=\"OYPEnA font-feature-liga-off font-feature-clig-off font-feature-calt-off text-decoration-none text-strikethrough-none\"> es la composici\u00f3n <strong>m\u00e1s suave<\/strong> de AOVE ecol\u00f3gico que elaboramos con las variedades Picual y Arbequina, convirti\u00e9ndola en un AOVE <\/span><span class=\"OYPEnA font-feature-liga-off font-feature-clig-off font-feature-calt-off text-decoration-none text-strikethrough-none\">para <strong>todos los p\u00fablicos<\/strong><\/span><strong><span class=\"OYPEnA font-feature-liga-off font-feature-clig-off font-feature-calt-off text-decoration-none text-strikethrough-none\"> y el m\u00e1s demandado fuera de Espa\u00f1a.<\/span><\/strong><\/p>\n<p class=\"cvGsUA direction-ltr align-center para-style-body\" style=\"text-align: center;\"><span class=\"OYPEnA font-feature-liga-off font-feature-clig-off font-feature-calt-off text-decoration-none text-strikethrough-none\">OLV es nuestra marca m\u00e1s premiada a lo largo de su trayectoria.<\/span><\/p>\n<p style=\"text-align: center;\">El formato de 250ml es ideal para los detalles de bodas, bautizos y comuniones, si quieres un presupuesto a medida, ponte en contacto con nosotros.<\/p>\n<p style=\"text-align: center;\">Ficha T\u00e9cnica del producto <a href=\"https:\/\/almazaraalcaraz.com\/tienda\/wp-content\/uploads\/2020\/08\/Ficha-Tecnica-OLV.pdf\" target=\"_blank\" rel=\"noopener noreferrer\"><strong>AQUI<\/strong><\/a><\/p>\n<p style=\"text-align: center;\"><strong>Recomendaciones:<\/strong> Para preservar todas sus propiedades y aromas, mantener en un sitio fresco y seco, alejado de la luz.<\/p>\n<p>[\/vc_column_text][\/vc_column][\/vc_row]<\/p>\n<\/div>","protected":false},"excerpt":{"rendered":"<p><span class=\"text\">\u00a0El AOVE Ecol\u00f3gico Espa\u00f1ol m\u00e1s premiado en Biofach Nuremberg<\/span><\/p>\n<p><strong>La unidad le sale a 6,20\u20ac <\/strong><\/p>\n<p>&nbsp;<\/p>\n<p><span class=\"text\"><strong>ENVIO GRATIS (Espa\u00f1a-Pen\u00ednsula)\u00a0<\/strong><\/span><\/p>\n","protected":false},"featured_media":5147,"template":"","meta":[],"etheme_brands":[{"term_id":78,"name":"OLV","slug":"olv","term_group":0,"term_taxonomy_id":78,"taxonomy":"brand","description":"OLV es una composici\u00f3n de aceites ecol\u00f3gicos que elaborados con las variedades Picual, Arbequina y Cornicabra.\r\nAceite equilibrado de notas complejas, frutado agradable, picor y amargor suaves. Un aceite para todos los p\u00fablicos y el m\u00e1s demandado fuera de Espa\u00f1a.","parent":0,"count":4,"filter":"raw"}],"product_brand":[],"product_cat":[36],"product_tag":[],"class_list":{"0":"post-5154","1":"product","2":"type-product","3":"status-publish","4":"has-post-thumbnail","6":"brand-olv","7":"product_cat-aceites","9":"first","10":"instock","11":"taxable","12":"shipping-taxable","13":"purchasable","14":"product-type-simple"},"yoast_head":"<!-- This site is optimized with the Yoast SEO plugin v27.0 - https:\/\/yoast.com\/product\/yoast-seo-wordpress\/ -->\n<title>OLV - Aceite de Oliva Virgen Extra Ecol\u00f3gico - 6 Botellas de 250ml - Almazara de Alcaraz<\/title>\n<meta name=\"description\" content=\"OLV es la composici\u00f3n m\u00e1s suave de AOVE ecol\u00f3gico que elaboramos con las variedades Picual y Arbequina, convirti\u00e9ndola en un AOVE para todos los p\u00fablicos y el m\u00e1s demandado fuera de Espa\u00f1a. OLV es nuestra marca m\u00e1s premiada a lo largo de su trayectoria. El formato de 250ml es ideal para los detalles de bodas, bautizos y comuniones, si quieres un presupuesto a medida, ponte en contacto con nosotros.\" \/>\n<meta name=\"robots\" content=\"index, follow, max-snippet:-1, max-image-preview:large, max-video-preview:-1\" \/>\n<link rel=\"canonical\" href=\"https:\/\/almazaraalcaraz.com\/tienda\/producto\/olv-virgen-extra-ecologico-envase-de-vidrio-250-ml\/\" \/>\n<meta property=\"og:locale\" content=\"es_ES\" \/>\n<meta property=\"og:type\" content=\"article\" \/>\n<meta property=\"og:title\" content=\"OLV - Aceite de Oliva Virgen Extra Ecol\u00f3gico - 6 Botellas de 250ml - Almazara de Alcaraz\" \/>\n<meta property=\"og:description\" content=\"OLV es la composici\u00f3n m\u00e1s suave de AOVE ecol\u00f3gico que elaboramos con las variedades Picual y Arbequina, convirti\u00e9ndola en un AOVE para todos los p\u00fablicos y el m\u00e1s demandado fuera de Espa\u00f1a. OLV es nuestra marca m\u00e1s premiada a lo largo de su trayectoria. El formato de 250ml es ideal para los detalles de bodas, bautizos y comuniones, si quieres un presupuesto a medida, ponte en contacto con nosotros.\" \/>\n<meta property=\"og:url\" content=\"https:\/\/almazaraalcaraz.com\/tienda\/producto\/olv-virgen-extra-ecologico-envase-de-vidrio-250-ml\/\" \/>\n<meta property=\"og:site_name\" content=\"Almazara de Alcaraz\" \/>\n<meta property=\"article:publisher\" content=\"https:\/\/www.facebook.com\/aesabio\/?locale=es_ES\" \/>\n<meta property=\"article:modified_time\" content=\"2026-02-10T12:14:37+00:00\" \/>\n<meta property=\"og:image\" content=\"https:\/\/almazaraalcaraz.com\/tienda\/wp-content\/uploads\/2020\/08\/OLV_250ml.jpg\" \/>\n\t<meta property=\"og:image:width\" content=\"1200\" \/>\n\t<meta property=\"og:image:height\" content=\"1372\" \/>\n\t<meta property=\"og:image:type\" content=\"image\/jpeg\" \/>\n<meta name=\"twitter:card\" content=\"summary_large_image\" \/>\n<meta name=\"twitter:label1\" content=\"Tiempo de lectura\" \/>\n\t<meta name=\"twitter:data1\" content=\"1 minuto\" \/>\n<script type=\"application\/ld+json\" class=\"yoast-schema-graph\">{\"@context\":\"https:\/\/schema.org\",\"@graph\":[{\"@type\":\"WebPage\",\"@id\":\"https:\/\/almazaraalcaraz.com\/tienda\/producto\/olv-virgen-extra-ecologico-envase-de-vidrio-250-ml\/\",\"url\":\"https:\/\/almazaraalcaraz.com\/tienda\/producto\/olv-virgen-extra-ecologico-envase-de-vidrio-250-ml\/\",\"name\":\"OLV - Aceite de Oliva Virgen Extra Ecol\u00f3gico - 6 Botellas de 250ml - Almazara de Alcaraz\",\"isPartOf\":{\"@id\":\"https:\/\/almazaraalcaraz.com\/tienda\/#website\"},\"primaryImageOfPage\":{\"@id\":\"https:\/\/almazaraalcaraz.com\/tienda\/producto\/olv-virgen-extra-ecologico-envase-de-vidrio-250-ml\/#primaryimage\"},\"image\":{\"@id\":\"https:\/\/almazaraalcaraz.com\/tienda\/producto\/olv-virgen-extra-ecologico-envase-de-vidrio-250-ml\/#primaryimage\"},\"thumbnailUrl\":\"https:\/\/almazaraalcaraz.com\/tienda\/wp-content\/uploads\/2020\/08\/OLV_250ml.jpg\",\"datePublished\":\"2020-08-04T19:35:40+00:00\",\"dateModified\":\"2026-02-10T12:14:37+00:00\",\"description\":\"OLV es la composici\u00f3n m\u00e1s suave de AOVE ecol\u00f3gico que elaboramos con las variedades Picual y Arbequina, convirti\u00e9ndola en un AOVE para todos los p\u00fablicos y el m\u00e1s demandado fuera de Espa\u00f1a. OLV es nuestra marca m\u00e1s premiada a lo largo de su trayectoria. El formato de 250ml es ideal para los detalles de bodas, bautizos y comuniones, si quieres un presupuesto a medida, ponte en contacto con nosotros.\",\"breadcrumb\":{\"@id\":\"https:\/\/almazaraalcaraz.com\/tienda\/producto\/olv-virgen-extra-ecologico-envase-de-vidrio-250-ml\/#breadcrumb\"},\"inLanguage\":\"es\",\"potentialAction\":[{\"@type\":\"ReadAction\",\"target\":[\"https:\/\/almazaraalcaraz.com\/tienda\/producto\/olv-virgen-extra-ecologico-envase-de-vidrio-250-ml\/\"]}]},{\"@type\":\"ImageObject\",\"inLanguage\":\"es\",\"@id\":\"https:\/\/almazaraalcaraz.com\/tienda\/producto\/olv-virgen-extra-ecologico-envase-de-vidrio-250-ml\/#primaryimage\",\"url\":\"https:\/\/almazaraalcaraz.com\/tienda\/wp-content\/uploads\/2020\/08\/OLV_250ml.jpg\",\"contentUrl\":\"https:\/\/almazaraalcaraz.com\/tienda\/wp-content\/uploads\/2020\/08\/OLV_250ml.jpg\",\"width\":1200,\"height\":1372},{\"@type\":\"BreadcrumbList\",\"@id\":\"https:\/\/almazaraalcaraz.com\/tienda\/producto\/olv-virgen-extra-ecologico-envase-de-vidrio-250-ml\/#breadcrumb\",\"itemListElement\":[{\"@type\":\"ListItem\",\"position\":1,\"name\":\"Portada\",\"item\":\"https:\/\/almazaraalcaraz.com\/tienda\/\"},{\"@type\":\"ListItem\",\"position\":2,\"name\":\"Comprar\",\"item\":\"https:\/\/almazaraalcaraz.com\/tienda\/comprar\/\"},{\"@type\":\"ListItem\",\"position\":3,\"name\":\"OLV &#8211; Aceite de Oliva Virgen Extra Ecol\u00f3gico &#8211; 6 Botellas de 250ml\"}]},{\"@type\":\"WebSite\",\"@id\":\"https:\/\/almazaraalcaraz.com\/tienda\/#website\",\"url\":\"https:\/\/almazaraalcaraz.com\/tienda\/\",\"name\":\"Almazara de Alcaraz\",\"description\":\"Agropecuaria Ecol\u00f3gica Sierra de alcara\",\"publisher\":{\"@id\":\"https:\/\/almazaraalcaraz.com\/tienda\/#organization\"},\"potentialAction\":[{\"@type\":\"SearchAction\",\"target\":{\"@type\":\"EntryPoint\",\"urlTemplate\":\"https:\/\/almazaraalcaraz.com\/tienda\/?s={search_term_string}\"},\"query-input\":{\"@type\":\"PropertyValueSpecification\",\"valueRequired\":true,\"valueName\":\"search_term_string\"}}],\"inLanguage\":\"es\"},{\"@type\":\"Organization\",\"@id\":\"https:\/\/almazaraalcaraz.com\/tienda\/#organization\",\"name\":\"Almazara de Alcaraz\",\"url\":\"https:\/\/almazaraalcaraz.com\/tienda\/\",\"logo\":{\"@type\":\"ImageObject\",\"inLanguage\":\"es\",\"@id\":\"https:\/\/almazaraalcaraz.com\/tienda\/#\/schema\/logo\/image\/\",\"url\":\"https:\/\/almazaraalcaraz.com\/tienda\/wp-content\/uploads\/2023\/06\/Logo-AESA_masgordo.png\",\"contentUrl\":\"https:\/\/almazaraalcaraz.com\/tienda\/wp-content\/uploads\/2023\/06\/Logo-AESA_masgordo.png\",\"width\":591,\"height\":264,\"caption\":\"Almazara de Alcaraz\"},\"image\":{\"@id\":\"https:\/\/almazaraalcaraz.com\/tienda\/#\/schema\/logo\/image\/\"},\"sameAs\":[\"https:\/\/www.facebook.com\/aesabio\/?locale=es_ES\",\"https:\/\/www.youtube.com\/@AESAsierradealcaraz\"]}]}<\/script>\n<!-- \/ Yoast SEO plugin. -->","yoast_head_json":{"title":"OLV - Aceite de Oliva Virgen Extra Ecol\u00f3gico - 6 Botellas de 250ml - Almazara de Alcaraz","description":"OLV es la composici\u00f3n m\u00e1s suave de AOVE ecol\u00f3gico que elaboramos con las variedades Picual y Arbequina, convirti\u00e9ndola en un AOVE para todos los p\u00fablicos y el m\u00e1s demandado fuera de Espa\u00f1a. OLV es nuestra marca m\u00e1s premiada a lo largo de su trayectoria. El formato de 250ml es ideal para los detalles de bodas, bautizos y comuniones, si quieres un presupuesto a medida, ponte en contacto con nosotros.","robots":{"index":"index","follow":"follow","max-snippet":"max-snippet:-1","max-image-preview":"max-image-preview:large","max-video-preview":"max-video-preview:-1"},"canonical":"https:\/\/almazaraalcaraz.com\/tienda\/producto\/olv-virgen-extra-ecologico-envase-de-vidrio-250-ml\/","og_locale":"es_ES","og_type":"article","og_title":"OLV - Aceite de Oliva Virgen Extra Ecol\u00f3gico - 6 Botellas de 250ml - Almazara de Alcaraz","og_description":"OLV es la composici\u00f3n m\u00e1s suave de AOVE ecol\u00f3gico que elaboramos con las variedades Picual y Arbequina, convirti\u00e9ndola en un AOVE para todos los p\u00fablicos y el m\u00e1s demandado fuera de Espa\u00f1a. OLV es nuestra marca m\u00e1s premiada a lo largo de su trayectoria. El formato de 250ml es ideal para los detalles de bodas, bautizos y comuniones, si quieres un presupuesto a medida, ponte en contacto con nosotros.","og_url":"https:\/\/almazaraalcaraz.com\/tienda\/producto\/olv-virgen-extra-ecologico-envase-de-vidrio-250-ml\/","og_site_name":"Almazara de Alcaraz","article_publisher":"https:\/\/www.facebook.com\/aesabio\/?locale=es_ES","article_modified_time":"2026-02-10T12:14:37+00:00","og_image":[{"width":1200,"height":1372,"url":"https:\/\/almazaraalcaraz.com\/tienda\/wp-content\/uploads\/2020\/08\/OLV_250ml.jpg","type":"image\/jpeg"}],"twitter_card":"summary_large_image","twitter_misc":{"Tiempo de lectura":"1 minuto"},"schema":{"@context":"https:\/\/schema.org","@graph":[{"@type":"WebPage","@id":"https:\/\/almazaraalcaraz.com\/tienda\/producto\/olv-virgen-extra-ecologico-envase-de-vidrio-250-ml\/","url":"https:\/\/almazaraalcaraz.com\/tienda\/producto\/olv-virgen-extra-ecologico-envase-de-vidrio-250-ml\/","name":"OLV - Aceite de Oliva Virgen Extra Ecol\u00f3gico - 6 Botellas de 250ml - Almazara de Alcaraz","isPartOf":{"@id":"https:\/\/almazaraalcaraz.com\/tienda\/#website"},"primaryImageOfPage":{"@id":"https:\/\/almazaraalcaraz.com\/tienda\/producto\/olv-virgen-extra-ecologico-envase-de-vidrio-250-ml\/#primaryimage"},"image":{"@id":"https:\/\/almazaraalcaraz.com\/tienda\/producto\/olv-virgen-extra-ecologico-envase-de-vidrio-250-ml\/#primaryimage"},"thumbnailUrl":"https:\/\/almazaraalcaraz.com\/tienda\/wp-content\/uploads\/2020\/08\/OLV_250ml.jpg","datePublished":"2020-08-04T19:35:40+00:00","dateModified":"2026-02-10T12:14:37+00:00","description":"OLV es la composici\u00f3n m\u00e1s suave de AOVE ecol\u00f3gico que elaboramos con las variedades Picual y Arbequina, convirti\u00e9ndola en un AOVE para todos los p\u00fablicos y el m\u00e1s demandado fuera de Espa\u00f1a. OLV es nuestra marca m\u00e1s premiada a lo largo de su trayectoria. El formato de 250ml es ideal para los detalles de bodas, bautizos y comuniones, si quieres un presupuesto a medida, ponte en contacto con nosotros.","breadcrumb":{"@id":"https:\/\/almazaraalcaraz.com\/tienda\/producto\/olv-virgen-extra-ecologico-envase-de-vidrio-250-ml\/#breadcrumb"},"inLanguage":"es","potentialAction":[{"@type":"ReadAction","target":["https:\/\/almazaraalcaraz.com\/tienda\/producto\/olv-virgen-extra-ecologico-envase-de-vidrio-250-ml\/"]}]},{"@type":"ImageObject","inLanguage":"es","@id":"https:\/\/almazaraalcaraz.com\/tienda\/producto\/olv-virgen-extra-ecologico-envase-de-vidrio-250-ml\/#primaryimage","url":"https:\/\/almazaraalcaraz.com\/tienda\/wp-content\/uploads\/2020\/08\/OLV_250ml.jpg","contentUrl":"https:\/\/almazaraalcaraz.com\/tienda\/wp-content\/uploads\/2020\/08\/OLV_250ml.jpg","width":1200,"height":1372},{"@type":"BreadcrumbList","@id":"https:\/\/almazaraalcaraz.com\/tienda\/producto\/olv-virgen-extra-ecologico-envase-de-vidrio-250-ml\/#breadcrumb","itemListElement":[{"@type":"ListItem","position":1,"name":"Portada","item":"https:\/\/almazaraalcaraz.com\/tienda\/"},{"@type":"ListItem","position":2,"name":"Comprar","item":"https:\/\/almazaraalcaraz.com\/tienda\/comprar\/"},{"@type":"ListItem","position":3,"name":"OLV &#8211; Aceite de Oliva Virgen Extra Ecol\u00f3gico &#8211; 6 Botellas de 250ml"}]},{"@type":"WebSite","@id":"https:\/\/almazaraalcaraz.com\/tienda\/#website","url":"https:\/\/almazaraalcaraz.com\/tienda\/","name":"Almazara de Alcaraz","description":"Agropecuaria Ecol\u00f3gica Sierra de alcara","publisher":{"@id":"https:\/\/almazaraalcaraz.com\/tienda\/#organization"},"potentialAction":[{"@type":"SearchAction","target":{"@type":"EntryPoint","urlTemplate":"https:\/\/almazaraalcaraz.com\/tienda\/?s={search_term_string}"},"query-input":{"@type":"PropertyValueSpecification","valueRequired":true,"valueName":"search_term_string"}}],"inLanguage":"es"},{"@type":"Organization","@id":"https:\/\/almazaraalcaraz.com\/tienda\/#organization","name":"Almazara de Alcaraz","url":"https:\/\/almazaraalcaraz.com\/tienda\/","logo":{"@type":"ImageObject","inLanguage":"es","@id":"https:\/\/almazaraalcaraz.com\/tienda\/#\/schema\/logo\/image\/","url":"https:\/\/almazaraalcaraz.com\/tienda\/wp-content\/uploads\/2023\/06\/Logo-AESA_masgordo.png","contentUrl":"https:\/\/almazaraalcaraz.com\/tienda\/wp-content\/uploads\/2023\/06\/Logo-AESA_masgordo.png","width":591,"height":264,"caption":"Almazara de Alcaraz"},"image":{"@id":"https:\/\/almazaraalcaraz.com\/tienda\/#\/schema\/logo\/image\/"},"sameAs":["https:\/\/www.facebook.com\/aesabio\/?locale=es_ES","https:\/\/www.youtube.com\/@AESAsierradealcaraz"]}]}},"_links":{"self":[{"href":"https:\/\/almazaraalcaraz.com\/tienda\/wp-json\/wp\/v2\/product\/5154","targetHints":{"allow":["GET"]}}],"collection":[{"href":"https:\/\/almazaraalcaraz.com\/tienda\/wp-json\/wp\/v2\/product"}],"about":[{"href":"https:\/\/almazaraalcaraz.com\/tienda\/wp-json\/wp\/v2\/types\/product"}],"wp:featuredmedia":[{"embeddable":true,"href":"https:\/\/almazaraalcaraz.com\/tienda\/wp-json\/wp\/v2\/media\/5147"}],"wp:attachment":[{"href":"https:\/\/almazaraalcaraz.com\/tienda\/wp-json\/wp\/v2\/media?parent=5154"}],"wp:term":[{"taxonomy":"brand","embeddable":true,"href":"https:\/\/almazaraalcaraz.com\/tienda\/wp-json\/wp\/v2\/etheme_brands?post=5154"},{"taxonomy":"product_brand","embeddable":true,"href":"https:\/\/almazaraalcaraz.com\/tienda\/wp-json\/wp\/v2\/product_brand?post=5154"},{"taxonomy":"product_cat","embeddable":true,"href":"https:\/\/almazaraalcaraz.com\/tienda\/wp-json\/wp\/v2\/product_cat?post=5154"},{"taxonomy":"product_tag","embeddable":true,"href":"https:\/\/almazaraalcaraz.com\/tienda\/wp-json\/wp\/v2\/product_tag?post=5154"}],"curies":[{"name":"wp","href":"https:\/\/api.w.org\/{rel}","templated":true}]}}