{"id":5156,"date":"2020-08-04T19:43:17","date_gmt":"2020-08-04T19:43:17","guid":{"rendered":"https:\/\/almazaraalcaraz.com\/tienda\/?post_type=product&#038;p=5156"},"modified":"2026-01-07T08:47:32","modified_gmt":"2026-01-07T08:47:32","slug":"almazara-alcaraz-eco-garrafa-pet-5l","status":"publish","type":"product","link":"https:\/\/almazaraalcaraz.com\/tienda\/producto\/almazara-alcaraz-eco-garrafa-pet-5l\/","title":{"rendered":"Almazara de Alcaraz &#8211; Aceite de Oliva Virgen Extra Ecol\u00f3gico &#8211; 3 Garrafas de 5 L"},"content":{"rendered":"<div class=\"wpb-content-wrapper\"><p>[vc_row][vc_column][vc_column_text]<\/p>\n<p style=\"text-align: center;\"><span class=\"OYPEnA font-feature-liga-off font-feature-clig-off font-feature-calt-off text-decoration-none text-strikethrough-none\"><strong>Almazara de Alcaraz PET<\/strong>\u00a0<\/span><span class=\"OYPEnA font-feature-liga-off font-feature-clig-off font-feature-calt-off text-decoration-none text-strikethrough-none\">es nuestro\u00a0<strong>AOVE\u00a0<\/strong><\/span><strong><span class=\"OYPEnA font-feature-liga-off font-feature-clig-off font-feature-calt-off text-decoration-none text-strikethrough-none\">ecol\u00f3gico<\/span><\/strong><span class=\"OYPEnA font-feature-liga-off font-feature-clig-off font-feature-calt-off text-decoration-none text-strikethrough-none\"><strong>\u00a0de gran formato,<\/strong>\u00a05, 3 y 1 litro. Su composici\u00f3n es Picual, Arbequina y Cornicabra, con\u00a0<strong>toques m\u00e1s maduros<\/strong>\u00a0que su versi\u00f3n en cristal. Un AOVE perfecto tanto para su uso en cocina como para crudo, convirti\u00e9ndose en el m\u00e1s popular entre nuestros clientes nacionales.<\/span><\/p>\n<p style=\"text-align: center;\">Ficha T\u00e9cnica del producto <a href=\"https:\/\/almazaraalcaraz.com\/tienda\/wp-content\/uploads\/2020\/08\/Ficha-Tecnica-Almazara-Alcaraz.pdf\" target=\"_blank\" rel=\"noopener noreferrer\"><strong>AQUI<\/strong><\/a><\/p>\n<p style=\"text-align: center;\"><strong>Recomendaciones:<\/strong> Para preservar todas sus propiedades y aromas, mantener en un sitio fresco y seco, alejado de la luz.<\/p>\n<p>[\/vc_column_text][\/vc_column][\/vc_row]<\/p>\n<\/div>","protected":false},"excerpt":{"rendered":"<p>&nbsp;<\/p>\n<p><strong>La unidad le sale a 48,50\u20ac<\/strong><\/p>\n<p>&nbsp;<\/p>\n<p><span class=\"text\"><strong>ENVIO GRATIS (Espa\u00f1a-Pen\u00ednsula)\u00a0<\/strong><\/span><\/p>\n","protected":false},"featured_media":5143,"template":"","meta":[],"etheme_brands":[{"term_id":77,"name":"ALMAZARA DE ALCARAZ","slug":"almazaraalcaraz","term_group":0,"term_taxonomy_id":77,"taxonomy":"brand","description":"Composici\u00f3n elaborada con las variedades Picual y Arbequina. Aceite equilibrado con un gran frutado y agradable picor y amargor.\r\nEnvasado con un dise\u00f1o que a\u00fana tradici\u00f3n y modernidad","parent":0,"count":8,"filter":"raw"}],"product_brand":[],"product_cat":[36],"product_tag":[],"class_list":{"0":"post-5156","1":"product","2":"type-product","3":"status-publish","4":"has-post-thumbnail","6":"brand-almazaraalcaraz","7":"product_cat-aceites","9":"first","10":"instock","11":"taxable","12":"shipping-taxable","13":"purchasable","14":"product-type-simple"},"yoast_head":"<!-- This site is optimized with the Yoast SEO plugin v27.0 - https:\/\/yoast.com\/product\/yoast-seo-wordpress\/ -->\n<title>Almazara de Alcaraz - Aceite de Oliva Virgen Extra Ecol\u00f3gico - 3 Garrafas de 5 L - Almazara de Alcaraz<\/title>\n<meta name=\"description\" content=\"Composici\u00f3n elaborada con las variedades Picual y Arbequina. Aceite equilibrado con un gran frutado y agradable picor y amargor.Envasado con un dise\u00f1o que a\u00fana tradici\u00f3n y modernidad.\" \/>\n<meta name=\"robots\" content=\"index, follow, max-snippet:-1, max-image-preview:large, max-video-preview:-1\" \/>\n<link rel=\"canonical\" href=\"https:\/\/almazaraalcaraz.com\/tienda\/producto\/almazara-alcaraz-eco-garrafa-pet-5l\/\" \/>\n<meta property=\"og:locale\" content=\"es_ES\" \/>\n<meta property=\"og:type\" content=\"article\" \/>\n<meta property=\"og:title\" content=\"Almazara de Alcaraz - Aceite de Oliva Virgen Extra Ecol\u00f3gico - 3 Garrafas de 5 L - Almazara de Alcaraz\" \/>\n<meta property=\"og:description\" content=\"Composici\u00f3n elaborada con las variedades Picual y Arbequina. Aceite equilibrado con un gran frutado y agradable picor y amargor.Envasado con un dise\u00f1o que a\u00fana tradici\u00f3n y modernidad.\" \/>\n<meta property=\"og:url\" content=\"https:\/\/almazaraalcaraz.com\/tienda\/producto\/almazara-alcaraz-eco-garrafa-pet-5l\/\" \/>\n<meta property=\"og:site_name\" content=\"Almazara de Alcaraz\" \/>\n<meta property=\"article:publisher\" content=\"https:\/\/www.facebook.com\/aesabio\/?locale=es_ES\" \/>\n<meta property=\"article:modified_time\" content=\"2026-01-07T08:47:32+00:00\" \/>\n<meta property=\"og:image\" content=\"https:\/\/almazaraalcaraz.com\/tienda\/wp-content\/uploads\/2020\/08\/AA_5L.jpg\" \/>\n\t<meta property=\"og:image:width\" content=\"1200\" \/>\n\t<meta property=\"og:image:height\" content=\"1372\" \/>\n\t<meta property=\"og:image:type\" content=\"image\/jpeg\" \/>\n<meta name=\"twitter:card\" content=\"summary_large_image\" \/>\n<meta name=\"twitter:label1\" content=\"Tiempo de lectura\" \/>\n\t<meta name=\"twitter:data1\" content=\"1 minuto\" \/>\n<script type=\"application\/ld+json\" class=\"yoast-schema-graph\">{\"@context\":\"https:\/\/schema.org\",\"@graph\":[{\"@type\":\"WebPage\",\"@id\":\"https:\/\/almazaraalcaraz.com\/tienda\/producto\/almazara-alcaraz-eco-garrafa-pet-5l\/\",\"url\":\"https:\/\/almazaraalcaraz.com\/tienda\/producto\/almazara-alcaraz-eco-garrafa-pet-5l\/\",\"name\":\"Almazara de Alcaraz - Aceite de Oliva Virgen Extra Ecol\u00f3gico - 3 Garrafas de 5 L - Almazara de Alcaraz\",\"isPartOf\":{\"@id\":\"https:\/\/almazaraalcaraz.com\/tienda\/#website\"},\"primaryImageOfPage\":{\"@id\":\"https:\/\/almazaraalcaraz.com\/tienda\/producto\/almazara-alcaraz-eco-garrafa-pet-5l\/#primaryimage\"},\"image\":{\"@id\":\"https:\/\/almazaraalcaraz.com\/tienda\/producto\/almazara-alcaraz-eco-garrafa-pet-5l\/#primaryimage\"},\"thumbnailUrl\":\"https:\/\/almazaraalcaraz.com\/tienda\/wp-content\/uploads\/2020\/08\/AA_5L.jpg\",\"datePublished\":\"2020-08-04T19:43:17+00:00\",\"dateModified\":\"2026-01-07T08:47:32+00:00\",\"description\":\"Composici\u00f3n elaborada con las variedades Picual y Arbequina. Aceite equilibrado con un gran frutado y agradable picor y amargor.Envasado con un dise\u00f1o que a\u00fana tradici\u00f3n y modernidad.\",\"breadcrumb\":{\"@id\":\"https:\/\/almazaraalcaraz.com\/tienda\/producto\/almazara-alcaraz-eco-garrafa-pet-5l\/#breadcrumb\"},\"inLanguage\":\"es\",\"potentialAction\":[{\"@type\":\"ReadAction\",\"target\":[\"https:\/\/almazaraalcaraz.com\/tienda\/producto\/almazara-alcaraz-eco-garrafa-pet-5l\/\"]}]},{\"@type\":\"ImageObject\",\"inLanguage\":\"es\",\"@id\":\"https:\/\/almazaraalcaraz.com\/tienda\/producto\/almazara-alcaraz-eco-garrafa-pet-5l\/#primaryimage\",\"url\":\"https:\/\/almazaraalcaraz.com\/tienda\/wp-content\/uploads\/2020\/08\/AA_5L.jpg\",\"contentUrl\":\"https:\/\/almazaraalcaraz.com\/tienda\/wp-content\/uploads\/2020\/08\/AA_5L.jpg\",\"width\":1200,\"height\":1372},{\"@type\":\"BreadcrumbList\",\"@id\":\"https:\/\/almazaraalcaraz.com\/tienda\/producto\/almazara-alcaraz-eco-garrafa-pet-5l\/#breadcrumb\",\"itemListElement\":[{\"@type\":\"ListItem\",\"position\":1,\"name\":\"Portada\",\"item\":\"https:\/\/almazaraalcaraz.com\/tienda\/\"},{\"@type\":\"ListItem\",\"position\":2,\"name\":\"Comprar\",\"item\":\"https:\/\/almazaraalcaraz.com\/tienda\/comprar\/\"},{\"@type\":\"ListItem\",\"position\":3,\"name\":\"Almazara de Alcaraz &#8211; Aceite de Oliva Virgen Extra Ecol\u00f3gico &#8211; 3 Garrafas de 5 L\"}]},{\"@type\":\"WebSite\",\"@id\":\"https:\/\/almazaraalcaraz.com\/tienda\/#website\",\"url\":\"https:\/\/almazaraalcaraz.com\/tienda\/\",\"name\":\"Almazara de Alcaraz\",\"description\":\"Agropecuaria Ecol\u00f3gica Sierra de alcara\",\"publisher\":{\"@id\":\"https:\/\/almazaraalcaraz.com\/tienda\/#organization\"},\"potentialAction\":[{\"@type\":\"SearchAction\",\"target\":{\"@type\":\"EntryPoint\",\"urlTemplate\":\"https:\/\/almazaraalcaraz.com\/tienda\/?s={search_term_string}\"},\"query-input\":{\"@type\":\"PropertyValueSpecification\",\"valueRequired\":true,\"valueName\":\"search_term_string\"}}],\"inLanguage\":\"es\"},{\"@type\":\"Organization\",\"@id\":\"https:\/\/almazaraalcaraz.com\/tienda\/#organization\",\"name\":\"Almazara de Alcaraz\",\"url\":\"https:\/\/almazaraalcaraz.com\/tienda\/\",\"logo\":{\"@type\":\"ImageObject\",\"inLanguage\":\"es\",\"@id\":\"https:\/\/almazaraalcaraz.com\/tienda\/#\/schema\/logo\/image\/\",\"url\":\"https:\/\/almazaraalcaraz.com\/tienda\/wp-content\/uploads\/2023\/06\/Logo-AESA_masgordo.png\",\"contentUrl\":\"https:\/\/almazaraalcaraz.com\/tienda\/wp-content\/uploads\/2023\/06\/Logo-AESA_masgordo.png\",\"width\":591,\"height\":264,\"caption\":\"Almazara de Alcaraz\"},\"image\":{\"@id\":\"https:\/\/almazaraalcaraz.com\/tienda\/#\/schema\/logo\/image\/\"},\"sameAs\":[\"https:\/\/www.facebook.com\/aesabio\/?locale=es_ES\",\"https:\/\/www.youtube.com\/@AESAsierradealcaraz\"]}]}<\/script>\n<!-- \/ Yoast SEO plugin. -->","yoast_head_json":{"title":"Almazara de Alcaraz - Aceite de Oliva Virgen Extra Ecol\u00f3gico - 3 Garrafas de 5 L - Almazara de Alcaraz","description":"Composici\u00f3n elaborada con las variedades Picual y Arbequina. Aceite equilibrado con un gran frutado y agradable picor y amargor.Envasado con un dise\u00f1o que a\u00fana tradici\u00f3n y modernidad.","robots":{"index":"index","follow":"follow","max-snippet":"max-snippet:-1","max-image-preview":"max-image-preview:large","max-video-preview":"max-video-preview:-1"},"canonical":"https:\/\/almazaraalcaraz.com\/tienda\/producto\/almazara-alcaraz-eco-garrafa-pet-5l\/","og_locale":"es_ES","og_type":"article","og_title":"Almazara de Alcaraz - Aceite de Oliva Virgen Extra Ecol\u00f3gico - 3 Garrafas de 5 L - Almazara de Alcaraz","og_description":"Composici\u00f3n elaborada con las variedades Picual y Arbequina. Aceite equilibrado con un gran frutado y agradable picor y amargor.Envasado con un dise\u00f1o que a\u00fana tradici\u00f3n y modernidad.","og_url":"https:\/\/almazaraalcaraz.com\/tienda\/producto\/almazara-alcaraz-eco-garrafa-pet-5l\/","og_site_name":"Almazara de Alcaraz","article_publisher":"https:\/\/www.facebook.com\/aesabio\/?locale=es_ES","article_modified_time":"2026-01-07T08:47:32+00:00","og_image":[{"width":1200,"height":1372,"url":"https:\/\/almazaraalcaraz.com\/tienda\/wp-content\/uploads\/2020\/08\/AA_5L.jpg","type":"image\/jpeg"}],"twitter_card":"summary_large_image","twitter_misc":{"Tiempo de lectura":"1 minuto"},"schema":{"@context":"https:\/\/schema.org","@graph":[{"@type":"WebPage","@id":"https:\/\/almazaraalcaraz.com\/tienda\/producto\/almazara-alcaraz-eco-garrafa-pet-5l\/","url":"https:\/\/almazaraalcaraz.com\/tienda\/producto\/almazara-alcaraz-eco-garrafa-pet-5l\/","name":"Almazara de Alcaraz - Aceite de Oliva Virgen Extra Ecol\u00f3gico - 3 Garrafas de 5 L - Almazara de Alcaraz","isPartOf":{"@id":"https:\/\/almazaraalcaraz.com\/tienda\/#website"},"primaryImageOfPage":{"@id":"https:\/\/almazaraalcaraz.com\/tienda\/producto\/almazara-alcaraz-eco-garrafa-pet-5l\/#primaryimage"},"image":{"@id":"https:\/\/almazaraalcaraz.com\/tienda\/producto\/almazara-alcaraz-eco-garrafa-pet-5l\/#primaryimage"},"thumbnailUrl":"https:\/\/almazaraalcaraz.com\/tienda\/wp-content\/uploads\/2020\/08\/AA_5L.jpg","datePublished":"2020-08-04T19:43:17+00:00","dateModified":"2026-01-07T08:47:32+00:00","description":"Composici\u00f3n elaborada con las variedades Picual y Arbequina. Aceite equilibrado con un gran frutado y agradable picor y amargor.Envasado con un dise\u00f1o que a\u00fana tradici\u00f3n y modernidad.","breadcrumb":{"@id":"https:\/\/almazaraalcaraz.com\/tienda\/producto\/almazara-alcaraz-eco-garrafa-pet-5l\/#breadcrumb"},"inLanguage":"es","potentialAction":[{"@type":"ReadAction","target":["https:\/\/almazaraalcaraz.com\/tienda\/producto\/almazara-alcaraz-eco-garrafa-pet-5l\/"]}]},{"@type":"ImageObject","inLanguage":"es","@id":"https:\/\/almazaraalcaraz.com\/tienda\/producto\/almazara-alcaraz-eco-garrafa-pet-5l\/#primaryimage","url":"https:\/\/almazaraalcaraz.com\/tienda\/wp-content\/uploads\/2020\/08\/AA_5L.jpg","contentUrl":"https:\/\/almazaraalcaraz.com\/tienda\/wp-content\/uploads\/2020\/08\/AA_5L.jpg","width":1200,"height":1372},{"@type":"BreadcrumbList","@id":"https:\/\/almazaraalcaraz.com\/tienda\/producto\/almazara-alcaraz-eco-garrafa-pet-5l\/#breadcrumb","itemListElement":[{"@type":"ListItem","position":1,"name":"Portada","item":"https:\/\/almazaraalcaraz.com\/tienda\/"},{"@type":"ListItem","position":2,"name":"Comprar","item":"https:\/\/almazaraalcaraz.com\/tienda\/comprar\/"},{"@type":"ListItem","position":3,"name":"Almazara de Alcaraz &#8211; Aceite de Oliva Virgen Extra Ecol\u00f3gico &#8211; 3 Garrafas de 5 L"}]},{"@type":"WebSite","@id":"https:\/\/almazaraalcaraz.com\/tienda\/#website","url":"https:\/\/almazaraalcaraz.com\/tienda\/","name":"Almazara de Alcaraz","description":"Agropecuaria Ecol\u00f3gica Sierra de alcara","publisher":{"@id":"https:\/\/almazaraalcaraz.com\/tienda\/#organization"},"potentialAction":[{"@type":"SearchAction","target":{"@type":"EntryPoint","urlTemplate":"https:\/\/almazaraalcaraz.com\/tienda\/?s={search_term_string}"},"query-input":{"@type":"PropertyValueSpecification","valueRequired":true,"valueName":"search_term_string"}}],"inLanguage":"es"},{"@type":"Organization","@id":"https:\/\/almazaraalcaraz.com\/tienda\/#organization","name":"Almazara de Alcaraz","url":"https:\/\/almazaraalcaraz.com\/tienda\/","logo":{"@type":"ImageObject","inLanguage":"es","@id":"https:\/\/almazaraalcaraz.com\/tienda\/#\/schema\/logo\/image\/","url":"https:\/\/almazaraalcaraz.com\/tienda\/wp-content\/uploads\/2023\/06\/Logo-AESA_masgordo.png","contentUrl":"https:\/\/almazaraalcaraz.com\/tienda\/wp-content\/uploads\/2023\/06\/Logo-AESA_masgordo.png","width":591,"height":264,"caption":"Almazara de Alcaraz"},"image":{"@id":"https:\/\/almazaraalcaraz.com\/tienda\/#\/schema\/logo\/image\/"},"sameAs":["https:\/\/www.facebook.com\/aesabio\/?locale=es_ES","https:\/\/www.youtube.com\/@AESAsierradealcaraz"]}]}},"_links":{"self":[{"href":"https:\/\/almazaraalcaraz.com\/tienda\/wp-json\/wp\/v2\/product\/5156","targetHints":{"allow":["GET"]}}],"collection":[{"href":"https:\/\/almazaraalcaraz.com\/tienda\/wp-json\/wp\/v2\/product"}],"about":[{"href":"https:\/\/almazaraalcaraz.com\/tienda\/wp-json\/wp\/v2\/types\/product"}],"wp:featuredmedia":[{"embeddable":true,"href":"https:\/\/almazaraalcaraz.com\/tienda\/wp-json\/wp\/v2\/media\/5143"}],"wp:attachment":[{"href":"https:\/\/almazaraalcaraz.com\/tienda\/wp-json\/wp\/v2\/media?parent=5156"}],"wp:term":[{"taxonomy":"brand","embeddable":true,"href":"https:\/\/almazaraalcaraz.com\/tienda\/wp-json\/wp\/v2\/etheme_brands?post=5156"},{"taxonomy":"product_brand","embeddable":true,"href":"https:\/\/almazaraalcaraz.com\/tienda\/wp-json\/wp\/v2\/product_brand?post=5156"},{"taxonomy":"product_cat","embeddable":true,"href":"https:\/\/almazaraalcaraz.com\/tienda\/wp-json\/wp\/v2\/product_cat?post=5156"},{"taxonomy":"product_tag","embeddable":true,"href":"https:\/\/almazaraalcaraz.com\/tienda\/wp-json\/wp\/v2\/product_tag?post=5156"}],"curies":[{"name":"wp","href":"https:\/\/api.w.org\/{rel}","templated":true}]}}