{"id":6388,"date":"2022-06-27T06:11:39","date_gmt":"2022-06-27T06:11:39","guid":{"rendered":"https:\/\/almazaraalcaraz.com\/tienda\/?post_type=product&#038;p=6388"},"modified":"2026-01-07T11:13:00","modified_gmt":"2026-01-07T11:13:00","slug":"ooleum-de-la-via-verde-botella-aove-ecologico-6-botellas-500-ml","status":"publish","type":"product","link":"https:\/\/almazaraalcaraz.com\/tienda\/producto\/ooleum-de-la-via-verde-botella-aove-ecologico-6-botellas-500-ml\/","title":{"rendered":"O\u2019Oleum de la V\u00eda Verde \u2013 Botella AOVE Ecol\u00f3gico \u2013 6 botellas 500 ml"},"content":{"rendered":"<p class=\"cvGsUA direction-ltr align-center para-style-body\" style=\"text-align: center;\"><span class=\"OYPEnA font-feature-liga-off font-feature-clig-off font-feature-calt-off text-decoration-none text-strikethrough-none\">Se elabora con frutos escogidos y presensados durante la primera semana de cosecha y se procesa exclusivamente por procedimientos mec\u00e1nicos en fr\u00edo antes de las 6 horas siguientes a su recolecci\u00f3n.<\/span><\/p>\n<p class=\"cvGsUA direction-ltr align-center para-style-body\" style=\"text-align: center;\"><span class=\"OYPEnA font-feature-liga-off font-feature-clig-off font-feature-calt-off text-decoration-none text-strikethrough-none\">Es el AOVE m\u00e1s fresco y arom\u00e1tico de AESA.<\/span><\/p>\n<p class=\"cvGsUA direction-ltr align-center para-style-body\" style=\"text-align: center;\"><span class=\"OYPEnA font-feature-liga-off font-feature-clig-off font-feature-calt-off text-decoration-none text-strikethrough-none\">Premiado como \u201cMejor AOVE de la campa\u00f1a 21-22\u201d por el Ministerio de Agricultura, Pesca y Alimentaci\u00f3n.<\/span><\/p>\n<p>&nbsp;<\/p>\n<p><strong>Recomendaciones:<\/strong> Para preservar todas sus propiedades y aromas, mantener en un sitio fresco y seco, alejado de la luz.<\/p>\n","protected":false},"excerpt":{"rendered":"<p><span class=\"text\"><strong>ENVIO GRATIS (Espa\u00f1a-Pen\u00ednsula)\u00a0<\/strong><\/span><\/p>\n<p><strong>La unidad le sale a 15,60\u20ac <\/strong><\/p>\n<p>&nbsp;<\/p>\n<p><strong>Premio Especial Alimentos de Espa\u00f1a Mejor Aceite de Oliva Virgen Extra, campa\u00f1a 2021\/2022.<\/strong><\/p>\n<p>EDICI\u00d3N LIMITADA<\/p>\n","protected":false},"featured_media":6389,"template":"","meta":[],"etheme_brands":[{"term_id":79,"name":"O'OLEUM DE LA VIA VERDE","slug":"ooleum-de-la-via-verde","term_group":0,"term_taxonomy_id":79,"taxonomy":"brand","description":"","parent":0,"count":3,"filter":"raw"}],"product_brand":[],"product_cat":[36],"product_tag":[],"class_list":{"0":"post-6388","1":"product","2":"type-product","3":"status-publish","4":"has-post-thumbnail","6":"brand-ooleum-de-la-via-verde","7":"product_cat-aceites","9":"first","10":"instock","11":"taxable","12":"shipping-taxable","13":"purchasable","14":"product-type-simple"},"yoast_head":"<!-- This site is optimized with the Yoast SEO plugin v27.0 - https:\/\/yoast.com\/product\/yoast-seo-wordpress\/ -->\n<title>O\u2019Oleum de la V\u00eda Verde \u2013 Botella AOVE Ecol\u00f3gico \u2013 6 botellas 500 ml - Almazara de Alcaraz<\/title>\n<meta name=\"description\" content=\"Se elabora con frutos escogidos y prensados durante la primera semana de cosecha y se procesa exclusivamente por procedimientos mec\u00e1nicos en fr\u00edo antes de las 6 horas siguientes a su recolecci\u00f3n. Es el aceite m\u00e1s fresco y arom\u00e1tico de AESA.\" \/>\n<meta name=\"robots\" content=\"index, follow, max-snippet:-1, max-image-preview:large, max-video-preview:-1\" \/>\n<link rel=\"canonical\" href=\"https:\/\/almazaraalcaraz.com\/tienda\/producto\/ooleum-de-la-via-verde-botella-aove-ecologico-6-botellas-500-ml\/\" \/>\n<meta property=\"og:locale\" content=\"es_ES\" \/>\n<meta property=\"og:type\" content=\"article\" \/>\n<meta property=\"og:title\" content=\"O\u2019Oleum de la V\u00eda Verde \u2013 Botella AOVE Ecol\u00f3gico \u2013 6 botellas 500 ml - Almazara de Alcaraz\" \/>\n<meta property=\"og:description\" content=\"Se elabora con frutos escogidos y prensados durante la primera semana de cosecha y se procesa exclusivamente por procedimientos mec\u00e1nicos en fr\u00edo antes de las 6 horas siguientes a su recolecci\u00f3n. Es el aceite m\u00e1s fresco y arom\u00e1tico de AESA.\" \/>\n<meta property=\"og:url\" content=\"https:\/\/almazaraalcaraz.com\/tienda\/producto\/ooleum-de-la-via-verde-botella-aove-ecologico-6-botellas-500-ml\/\" \/>\n<meta property=\"og:site_name\" content=\"Almazara de Alcaraz\" \/>\n<meta property=\"article:publisher\" content=\"https:\/\/www.facebook.com\/aesabio\/?locale=es_ES\" \/>\n<meta property=\"article:modified_time\" content=\"2026-01-07T11:13:00+00:00\" \/>\n<meta property=\"og:image\" content=\"https:\/\/almazaraalcaraz.com\/tienda\/wp-content\/uploads\/2022\/06\/oleum-de-la-via-verde-6-unidades.jpg\" \/>\n\t<meta property=\"og:image:width\" content=\"669\" \/>\n\t<meta property=\"og:image:height\" content=\"463\" \/>\n\t<meta property=\"og:image:type\" content=\"image\/jpeg\" \/>\n<meta name=\"twitter:card\" content=\"summary_large_image\" \/>\n<meta name=\"twitter:label1\" content=\"Tiempo de lectura\" \/>\n\t<meta name=\"twitter:data1\" content=\"1 minuto\" \/>\n<script type=\"application\/ld+json\" class=\"yoast-schema-graph\">{\"@context\":\"https:\/\/schema.org\",\"@graph\":[{\"@type\":\"WebPage\",\"@id\":\"https:\/\/almazaraalcaraz.com\/tienda\/producto\/ooleum-de-la-via-verde-botella-aove-ecologico-6-botellas-500-ml\/\",\"url\":\"https:\/\/almazaraalcaraz.com\/tienda\/producto\/ooleum-de-la-via-verde-botella-aove-ecologico-6-botellas-500-ml\/\",\"name\":\"O\u2019Oleum de la V\u00eda Verde \u2013 Botella AOVE Ecol\u00f3gico \u2013 6 botellas 500 ml - Almazara de Alcaraz\",\"isPartOf\":{\"@id\":\"https:\/\/almazaraalcaraz.com\/tienda\/#website\"},\"primaryImageOfPage\":{\"@id\":\"https:\/\/almazaraalcaraz.com\/tienda\/producto\/ooleum-de-la-via-verde-botella-aove-ecologico-6-botellas-500-ml\/#primaryimage\"},\"image\":{\"@id\":\"https:\/\/almazaraalcaraz.com\/tienda\/producto\/ooleum-de-la-via-verde-botella-aove-ecologico-6-botellas-500-ml\/#primaryimage\"},\"thumbnailUrl\":\"https:\/\/almazaraalcaraz.com\/tienda\/wp-content\/uploads\/2022\/06\/oleum-de-la-via-verde-6-unidades.jpg\",\"datePublished\":\"2022-06-27T06:11:39+00:00\",\"dateModified\":\"2026-01-07T11:13:00+00:00\",\"description\":\"Se elabora con frutos escogidos y prensados durante la primera semana de cosecha y se procesa exclusivamente por procedimientos mec\u00e1nicos en fr\u00edo antes de las 6 horas siguientes a su recolecci\u00f3n. Es el aceite m\u00e1s fresco y arom\u00e1tico de AESA.\",\"breadcrumb\":{\"@id\":\"https:\/\/almazaraalcaraz.com\/tienda\/producto\/ooleum-de-la-via-verde-botella-aove-ecologico-6-botellas-500-ml\/#breadcrumb\"},\"inLanguage\":\"es\",\"potentialAction\":[{\"@type\":\"ReadAction\",\"target\":[\"https:\/\/almazaraalcaraz.com\/tienda\/producto\/ooleum-de-la-via-verde-botella-aove-ecologico-6-botellas-500-ml\/\"]}]},{\"@type\":\"ImageObject\",\"inLanguage\":\"es\",\"@id\":\"https:\/\/almazaraalcaraz.com\/tienda\/producto\/ooleum-de-la-via-verde-botella-aove-ecologico-6-botellas-500-ml\/#primaryimage\",\"url\":\"https:\/\/almazaraalcaraz.com\/tienda\/wp-content\/uploads\/2022\/06\/oleum-de-la-via-verde-6-unidades.jpg\",\"contentUrl\":\"https:\/\/almazaraalcaraz.com\/tienda\/wp-content\/uploads\/2022\/06\/oleum-de-la-via-verde-6-unidades.jpg\",\"width\":669,\"height\":463},{\"@type\":\"BreadcrumbList\",\"@id\":\"https:\/\/almazaraalcaraz.com\/tienda\/producto\/ooleum-de-la-via-verde-botella-aove-ecologico-6-botellas-500-ml\/#breadcrumb\",\"itemListElement\":[{\"@type\":\"ListItem\",\"position\":1,\"name\":\"Portada\",\"item\":\"https:\/\/almazaraalcaraz.com\/tienda\/\"},{\"@type\":\"ListItem\",\"position\":2,\"name\":\"Comprar\",\"item\":\"https:\/\/almazaraalcaraz.com\/tienda\/comprar\/\"},{\"@type\":\"ListItem\",\"position\":3,\"name\":\"O\u2019Oleum de la V\u00eda Verde \u2013 Botella AOVE Ecol\u00f3gico \u2013 6 botellas 500 ml\"}]},{\"@type\":\"WebSite\",\"@id\":\"https:\/\/almazaraalcaraz.com\/tienda\/#website\",\"url\":\"https:\/\/almazaraalcaraz.com\/tienda\/\",\"name\":\"Almazara de Alcaraz\",\"description\":\"Agropecuaria Ecol\u00f3gica Sierra de alcara\",\"publisher\":{\"@id\":\"https:\/\/almazaraalcaraz.com\/tienda\/#organization\"},\"potentialAction\":[{\"@type\":\"SearchAction\",\"target\":{\"@type\":\"EntryPoint\",\"urlTemplate\":\"https:\/\/almazaraalcaraz.com\/tienda\/?s={search_term_string}\"},\"query-input\":{\"@type\":\"PropertyValueSpecification\",\"valueRequired\":true,\"valueName\":\"search_term_string\"}}],\"inLanguage\":\"es\"},{\"@type\":\"Organization\",\"@id\":\"https:\/\/almazaraalcaraz.com\/tienda\/#organization\",\"name\":\"Almazara de Alcaraz\",\"url\":\"https:\/\/almazaraalcaraz.com\/tienda\/\",\"logo\":{\"@type\":\"ImageObject\",\"inLanguage\":\"es\",\"@id\":\"https:\/\/almazaraalcaraz.com\/tienda\/#\/schema\/logo\/image\/\",\"url\":\"https:\/\/almazaraalcaraz.com\/tienda\/wp-content\/uploads\/2023\/06\/Logo-AESA_masgordo.png\",\"contentUrl\":\"https:\/\/almazaraalcaraz.com\/tienda\/wp-content\/uploads\/2023\/06\/Logo-AESA_masgordo.png\",\"width\":591,\"height\":264,\"caption\":\"Almazara de Alcaraz\"},\"image\":{\"@id\":\"https:\/\/almazaraalcaraz.com\/tienda\/#\/schema\/logo\/image\/\"},\"sameAs\":[\"https:\/\/www.facebook.com\/aesabio\/?locale=es_ES\",\"https:\/\/www.youtube.com\/@AESAsierradealcaraz\"]}]}<\/script>\n<!-- \/ Yoast SEO plugin. -->","yoast_head_json":{"title":"O\u2019Oleum de la V\u00eda Verde \u2013 Botella AOVE Ecol\u00f3gico \u2013 6 botellas 500 ml - Almazara de Alcaraz","description":"Se elabora con frutos escogidos y prensados durante la primera semana de cosecha y se procesa exclusivamente por procedimientos mec\u00e1nicos en fr\u00edo antes de las 6 horas siguientes a su recolecci\u00f3n. Es el aceite m\u00e1s fresco y arom\u00e1tico de AESA.","robots":{"index":"index","follow":"follow","max-snippet":"max-snippet:-1","max-image-preview":"max-image-preview:large","max-video-preview":"max-video-preview:-1"},"canonical":"https:\/\/almazaraalcaraz.com\/tienda\/producto\/ooleum-de-la-via-verde-botella-aove-ecologico-6-botellas-500-ml\/","og_locale":"es_ES","og_type":"article","og_title":"O\u2019Oleum de la V\u00eda Verde \u2013 Botella AOVE Ecol\u00f3gico \u2013 6 botellas 500 ml - Almazara de Alcaraz","og_description":"Se elabora con frutos escogidos y prensados durante la primera semana de cosecha y se procesa exclusivamente por procedimientos mec\u00e1nicos en fr\u00edo antes de las 6 horas siguientes a su recolecci\u00f3n. Es el aceite m\u00e1s fresco y arom\u00e1tico de AESA.","og_url":"https:\/\/almazaraalcaraz.com\/tienda\/producto\/ooleum-de-la-via-verde-botella-aove-ecologico-6-botellas-500-ml\/","og_site_name":"Almazara de Alcaraz","article_publisher":"https:\/\/www.facebook.com\/aesabio\/?locale=es_ES","article_modified_time":"2026-01-07T11:13:00+00:00","og_image":[{"width":669,"height":463,"url":"https:\/\/almazaraalcaraz.com\/tienda\/wp-content\/uploads\/2022\/06\/oleum-de-la-via-verde-6-unidades.jpg","type":"image\/jpeg"}],"twitter_card":"summary_large_image","twitter_misc":{"Tiempo de lectura":"1 minuto"},"schema":{"@context":"https:\/\/schema.org","@graph":[{"@type":"WebPage","@id":"https:\/\/almazaraalcaraz.com\/tienda\/producto\/ooleum-de-la-via-verde-botella-aove-ecologico-6-botellas-500-ml\/","url":"https:\/\/almazaraalcaraz.com\/tienda\/producto\/ooleum-de-la-via-verde-botella-aove-ecologico-6-botellas-500-ml\/","name":"O\u2019Oleum de la V\u00eda Verde \u2013 Botella AOVE Ecol\u00f3gico \u2013 6 botellas 500 ml - Almazara de Alcaraz","isPartOf":{"@id":"https:\/\/almazaraalcaraz.com\/tienda\/#website"},"primaryImageOfPage":{"@id":"https:\/\/almazaraalcaraz.com\/tienda\/producto\/ooleum-de-la-via-verde-botella-aove-ecologico-6-botellas-500-ml\/#primaryimage"},"image":{"@id":"https:\/\/almazaraalcaraz.com\/tienda\/producto\/ooleum-de-la-via-verde-botella-aove-ecologico-6-botellas-500-ml\/#primaryimage"},"thumbnailUrl":"https:\/\/almazaraalcaraz.com\/tienda\/wp-content\/uploads\/2022\/06\/oleum-de-la-via-verde-6-unidades.jpg","datePublished":"2022-06-27T06:11:39+00:00","dateModified":"2026-01-07T11:13:00+00:00","description":"Se elabora con frutos escogidos y prensados durante la primera semana de cosecha y se procesa exclusivamente por procedimientos mec\u00e1nicos en fr\u00edo antes de las 6 horas siguientes a su recolecci\u00f3n. Es el aceite m\u00e1s fresco y arom\u00e1tico de AESA.","breadcrumb":{"@id":"https:\/\/almazaraalcaraz.com\/tienda\/producto\/ooleum-de-la-via-verde-botella-aove-ecologico-6-botellas-500-ml\/#breadcrumb"},"inLanguage":"es","potentialAction":[{"@type":"ReadAction","target":["https:\/\/almazaraalcaraz.com\/tienda\/producto\/ooleum-de-la-via-verde-botella-aove-ecologico-6-botellas-500-ml\/"]}]},{"@type":"ImageObject","inLanguage":"es","@id":"https:\/\/almazaraalcaraz.com\/tienda\/producto\/ooleum-de-la-via-verde-botella-aove-ecologico-6-botellas-500-ml\/#primaryimage","url":"https:\/\/almazaraalcaraz.com\/tienda\/wp-content\/uploads\/2022\/06\/oleum-de-la-via-verde-6-unidades.jpg","contentUrl":"https:\/\/almazaraalcaraz.com\/tienda\/wp-content\/uploads\/2022\/06\/oleum-de-la-via-verde-6-unidades.jpg","width":669,"height":463},{"@type":"BreadcrumbList","@id":"https:\/\/almazaraalcaraz.com\/tienda\/producto\/ooleum-de-la-via-verde-botella-aove-ecologico-6-botellas-500-ml\/#breadcrumb","itemListElement":[{"@type":"ListItem","position":1,"name":"Portada","item":"https:\/\/almazaraalcaraz.com\/tienda\/"},{"@type":"ListItem","position":2,"name":"Comprar","item":"https:\/\/almazaraalcaraz.com\/tienda\/comprar\/"},{"@type":"ListItem","position":3,"name":"O\u2019Oleum de la V\u00eda Verde \u2013 Botella AOVE Ecol\u00f3gico \u2013 6 botellas 500 ml"}]},{"@type":"WebSite","@id":"https:\/\/almazaraalcaraz.com\/tienda\/#website","url":"https:\/\/almazaraalcaraz.com\/tienda\/","name":"Almazara de Alcaraz","description":"Agropecuaria Ecol\u00f3gica Sierra de alcara","publisher":{"@id":"https:\/\/almazaraalcaraz.com\/tienda\/#organization"},"potentialAction":[{"@type":"SearchAction","target":{"@type":"EntryPoint","urlTemplate":"https:\/\/almazaraalcaraz.com\/tienda\/?s={search_term_string}"},"query-input":{"@type":"PropertyValueSpecification","valueRequired":true,"valueName":"search_term_string"}}],"inLanguage":"es"},{"@type":"Organization","@id":"https:\/\/almazaraalcaraz.com\/tienda\/#organization","name":"Almazara de Alcaraz","url":"https:\/\/almazaraalcaraz.com\/tienda\/","logo":{"@type":"ImageObject","inLanguage":"es","@id":"https:\/\/almazaraalcaraz.com\/tienda\/#\/schema\/logo\/image\/","url":"https:\/\/almazaraalcaraz.com\/tienda\/wp-content\/uploads\/2023\/06\/Logo-AESA_masgordo.png","contentUrl":"https:\/\/almazaraalcaraz.com\/tienda\/wp-content\/uploads\/2023\/06\/Logo-AESA_masgordo.png","width":591,"height":264,"caption":"Almazara de Alcaraz"},"image":{"@id":"https:\/\/almazaraalcaraz.com\/tienda\/#\/schema\/logo\/image\/"},"sameAs":["https:\/\/www.facebook.com\/aesabio\/?locale=es_ES","https:\/\/www.youtube.com\/@AESAsierradealcaraz"]}]}},"_links":{"self":[{"href":"https:\/\/almazaraalcaraz.com\/tienda\/wp-json\/wp\/v2\/product\/6388","targetHints":{"allow":["GET"]}}],"collection":[{"href":"https:\/\/almazaraalcaraz.com\/tienda\/wp-json\/wp\/v2\/product"}],"about":[{"href":"https:\/\/almazaraalcaraz.com\/tienda\/wp-json\/wp\/v2\/types\/product"}],"wp:featuredmedia":[{"embeddable":true,"href":"https:\/\/almazaraalcaraz.com\/tienda\/wp-json\/wp\/v2\/media\/6389"}],"wp:attachment":[{"href":"https:\/\/almazaraalcaraz.com\/tienda\/wp-json\/wp\/v2\/media?parent=6388"}],"wp:term":[{"taxonomy":"brand","embeddable":true,"href":"https:\/\/almazaraalcaraz.com\/tienda\/wp-json\/wp\/v2\/etheme_brands?post=6388"},{"taxonomy":"product_brand","embeddable":true,"href":"https:\/\/almazaraalcaraz.com\/tienda\/wp-json\/wp\/v2\/product_brand?post=6388"},{"taxonomy":"product_cat","embeddable":true,"href":"https:\/\/almazaraalcaraz.com\/tienda\/wp-json\/wp\/v2\/product_cat?post=6388"},{"taxonomy":"product_tag","embeddable":true,"href":"https:\/\/almazaraalcaraz.com\/tienda\/wp-json\/wp\/v2\/product_tag?post=6388"}],"curies":[{"name":"wp","href":"https:\/\/api.w.org\/{rel}","templated":true}]}}