{"id":6838,"date":"2023-07-12T11:56:39","date_gmt":"2023-07-12T11:56:39","guid":{"rendered":"https:\/\/almazaraalcaraz.com\/tienda\/?post_type=product&#038;p=6838"},"modified":"2026-02-10T12:05:34","modified_gmt":"2026-02-10T12:05:34","slug":"almazara-de-alcaraz-aceite-de-oliva-virgen-extra-ecologico-6-botellas-de-750ml","status":"publish","type":"product","link":"https:\/\/almazaraalcaraz.com\/tienda\/producto\/almazara-de-alcaraz-aceite-de-oliva-virgen-extra-ecologico-6-botellas-de-750ml\/","title":{"rendered":"Almazara de Alcaraz \u2013 Aceite de Oliva Virgen Extra Ecol\u00f3gico \u2013 6 botellas de 750ml"},"content":{"rendered":"<p class=\"cvGsUA direction-ltr align-center para-style-body\" style=\"text-align: center;\"><span class=\"OYPEnA font-feature-liga-off font-feature-clig-off font-feature-calt-off text-decoration-none text-strikethrough-none\">Almazara de Alcaraz\u00a0<\/span><span class=\"OYPEnA font-feature-liga-off font-feature-clig-off font-feature-calt-off text-decoration-none text-strikethrough-none\">es la composici\u00f3n\u00a0<strong>m\u00e1s picante<\/strong>\u00a0de AOVE ecol\u00f3gico que elaboramos con las variedades Picual, Arbequina y Cornicabra.<\/span><\/p>\n<p class=\"cvGsUA direction-ltr align-center para-style-body\" style=\"text-align: center;\"><span class=\"OYPEnA font-feature-liga-off font-feature-clig-off font-feature-calt-off text-decoration-none text-strikethrough-none\">Este AOVE recuerda a los\u00a0<strong>sabores de la Sierra de Alcaraz<\/strong>, haci\u00e9ndola popular entre la\u00a0<strong>gente m\u00e1s atrevida.<\/strong><\/span><\/p>\n<p class=\"cvGsUA direction-ltr align-center para-style-body\" style=\"text-align: center;\"><span class=\"OYPEnA font-feature-liga-off font-feature-clig-off font-feature-calt-off text-decoration-none text-strikethrough-none\">Premiado con medallas de Oro durante varios a\u00f1os en<strong>\u00a0NYIOOC<\/strong>\u00a0y con un dise\u00f1o elegante.<\/span><\/p>\n<p><strong>Recomendaciones:<\/strong> Para preservar todas sus propiedades y aromas, mantener en un sitio fresco y seco, alejado de la luz.<\/p>\n","protected":false},"excerpt":{"rendered":"<p><strong>La unidad le sale a 12,20<\/strong><strong>\u20ac<\/strong><\/p>\n<p><span class=\"text\"><strong>ENVIO GRATIS (Espa\u00f1a-Pen\u00ednsula)\u00a0<\/strong><\/span><\/p>\n<p>&nbsp;<\/p>\n","protected":false},"featured_media":6840,"template":"","meta":[],"etheme_brands":[{"term_id":77,"name":"ALMAZARA DE ALCARAZ","slug":"almazaraalcaraz","term_group":0,"term_taxonomy_id":77,"taxonomy":"brand","description":"Composici\u00f3n elaborada con las variedades Picual y Arbequina. Aceite equilibrado con un gran frutado y agradable picor y amargor.\r\nEnvasado con un dise\u00f1o que a\u00fana tradici\u00f3n y modernidad","parent":0,"count":8,"filter":"raw"}],"product_brand":[],"product_cat":[36],"product_tag":[],"class_list":{"0":"post-6838","1":"product","2":"type-product","3":"status-publish","4":"has-post-thumbnail","6":"brand-almazaraalcaraz","7":"product_cat-aceites","9":"first","10":"instock","11":"taxable","12":"shipping-taxable","13":"purchasable","14":"product-type-simple"},"yoast_head":"<!-- This site is optimized with the Yoast SEO plugin v27.0 - https:\/\/yoast.com\/product\/yoast-seo-wordpress\/ -->\n<title>Almazara de Alcaraz \u2013 Aceite de Oliva Virgen Extra Ecol\u00f3gico \u2013 6 botellas de 750ml - Almazara de Alcaraz<\/title>\n<meta name=\"description\" content=\"Composici\u00f3n elaborada con las variedades Picual y Arbequina. Aceite equilibrado con un gran frutado y agradable picor y amargor.Envasado con un dise\u00f1o que a\u00fana tradici\u00f3n y modernidad.\" \/>\n<meta name=\"robots\" content=\"index, follow, max-snippet:-1, max-image-preview:large, max-video-preview:-1\" \/>\n<link rel=\"canonical\" href=\"https:\/\/almazaraalcaraz.com\/tienda\/producto\/almazara-de-alcaraz-aceite-de-oliva-virgen-extra-ecologico-6-botellas-de-750ml\/\" \/>\n<meta property=\"og:locale\" content=\"es_ES\" \/>\n<meta property=\"og:type\" content=\"article\" \/>\n<meta property=\"og:title\" content=\"Almazara de Alcaraz \u2013 Aceite de Oliva Virgen Extra Ecol\u00f3gico \u2013 6 botellas de 750ml - Almazara de Alcaraz\" \/>\n<meta property=\"og:description\" content=\"Composici\u00f3n elaborada con las variedades Picual y Arbequina. Aceite equilibrado con un gran frutado y agradable picor y amargor.Envasado con un dise\u00f1o que a\u00fana tradici\u00f3n y modernidad.\" \/>\n<meta property=\"og:url\" content=\"https:\/\/almazaraalcaraz.com\/tienda\/producto\/almazara-de-alcaraz-aceite-de-oliva-virgen-extra-ecologico-6-botellas-de-750ml\/\" \/>\n<meta property=\"og:site_name\" content=\"Almazara de Alcaraz\" \/>\n<meta property=\"article:publisher\" content=\"https:\/\/www.facebook.com\/aesabio\/?locale=es_ES\" \/>\n<meta property=\"article:modified_time\" content=\"2026-02-10T12:05:34+00:00\" \/>\n<meta property=\"og:image\" content=\"https:\/\/almazaraalcaraz.com\/tienda\/wp-content\/uploads\/2023\/07\/grupo-aa-750-1024x1024.png\" \/>\n\t<meta property=\"og:image:width\" content=\"1024\" \/>\n\t<meta property=\"og:image:height\" content=\"1024\" \/>\n\t<meta property=\"og:image:type\" content=\"image\/png\" \/>\n<meta name=\"twitter:card\" content=\"summary_large_image\" \/>\n<meta name=\"twitter:label1\" content=\"Tiempo de lectura\" \/>\n\t<meta name=\"twitter:data1\" content=\"1 minuto\" \/>\n<script type=\"application\/ld+json\" class=\"yoast-schema-graph\">{\"@context\":\"https:\/\/schema.org\",\"@graph\":[{\"@type\":\"WebPage\",\"@id\":\"https:\/\/almazaraalcaraz.com\/tienda\/producto\/almazara-de-alcaraz-aceite-de-oliva-virgen-extra-ecologico-6-botellas-de-750ml\/\",\"url\":\"https:\/\/almazaraalcaraz.com\/tienda\/producto\/almazara-de-alcaraz-aceite-de-oliva-virgen-extra-ecologico-6-botellas-de-750ml\/\",\"name\":\"Almazara de Alcaraz \u2013 Aceite de Oliva Virgen Extra Ecol\u00f3gico \u2013 6 botellas de 750ml - Almazara de Alcaraz\",\"isPartOf\":{\"@id\":\"https:\/\/almazaraalcaraz.com\/tienda\/#website\"},\"primaryImageOfPage\":{\"@id\":\"https:\/\/almazaraalcaraz.com\/tienda\/producto\/almazara-de-alcaraz-aceite-de-oliva-virgen-extra-ecologico-6-botellas-de-750ml\/#primaryimage\"},\"image\":{\"@id\":\"https:\/\/almazaraalcaraz.com\/tienda\/producto\/almazara-de-alcaraz-aceite-de-oliva-virgen-extra-ecologico-6-botellas-de-750ml\/#primaryimage\"},\"thumbnailUrl\":\"https:\/\/almazaraalcaraz.com\/tienda\/wp-content\/uploads\/2023\/07\/grupo-aa-750.png\",\"datePublished\":\"2023-07-12T11:56:39+00:00\",\"dateModified\":\"2026-02-10T12:05:34+00:00\",\"description\":\"Composici\u00f3n elaborada con las variedades Picual y Arbequina. Aceite equilibrado con un gran frutado y agradable picor y amargor.Envasado con un dise\u00f1o que a\u00fana tradici\u00f3n y modernidad.\",\"breadcrumb\":{\"@id\":\"https:\/\/almazaraalcaraz.com\/tienda\/producto\/almazara-de-alcaraz-aceite-de-oliva-virgen-extra-ecologico-6-botellas-de-750ml\/#breadcrumb\"},\"inLanguage\":\"es\",\"potentialAction\":[{\"@type\":\"ReadAction\",\"target\":[\"https:\/\/almazaraalcaraz.com\/tienda\/producto\/almazara-de-alcaraz-aceite-de-oliva-virgen-extra-ecologico-6-botellas-de-750ml\/\"]}]},{\"@type\":\"ImageObject\",\"inLanguage\":\"es\",\"@id\":\"https:\/\/almazaraalcaraz.com\/tienda\/producto\/almazara-de-alcaraz-aceite-de-oliva-virgen-extra-ecologico-6-botellas-de-750ml\/#primaryimage\",\"url\":\"https:\/\/almazaraalcaraz.com\/tienda\/wp-content\/uploads\/2023\/07\/grupo-aa-750.png\",\"contentUrl\":\"https:\/\/almazaraalcaraz.com\/tienda\/wp-content\/uploads\/2023\/07\/grupo-aa-750.png\",\"width\":2000,\"height\":2000},{\"@type\":\"BreadcrumbList\",\"@id\":\"https:\/\/almazaraalcaraz.com\/tienda\/producto\/almazara-de-alcaraz-aceite-de-oliva-virgen-extra-ecologico-6-botellas-de-750ml\/#breadcrumb\",\"itemListElement\":[{\"@type\":\"ListItem\",\"position\":1,\"name\":\"Portada\",\"item\":\"https:\/\/almazaraalcaraz.com\/tienda\/\"},{\"@type\":\"ListItem\",\"position\":2,\"name\":\"Comprar\",\"item\":\"https:\/\/almazaraalcaraz.com\/tienda\/comprar\/\"},{\"@type\":\"ListItem\",\"position\":3,\"name\":\"Almazara de Alcaraz \u2013 Aceite de Oliva Virgen Extra Ecol\u00f3gico \u2013 6 botellas de 750ml\"}]},{\"@type\":\"WebSite\",\"@id\":\"https:\/\/almazaraalcaraz.com\/tienda\/#website\",\"url\":\"https:\/\/almazaraalcaraz.com\/tienda\/\",\"name\":\"Almazara de Alcaraz\",\"description\":\"Agropecuaria Ecol\u00f3gica Sierra de alcara\",\"publisher\":{\"@id\":\"https:\/\/almazaraalcaraz.com\/tienda\/#organization\"},\"potentialAction\":[{\"@type\":\"SearchAction\",\"target\":{\"@type\":\"EntryPoint\",\"urlTemplate\":\"https:\/\/almazaraalcaraz.com\/tienda\/?s={search_term_string}\"},\"query-input\":{\"@type\":\"PropertyValueSpecification\",\"valueRequired\":true,\"valueName\":\"search_term_string\"}}],\"inLanguage\":\"es\"},{\"@type\":\"Organization\",\"@id\":\"https:\/\/almazaraalcaraz.com\/tienda\/#organization\",\"name\":\"Almazara de Alcaraz\",\"url\":\"https:\/\/almazaraalcaraz.com\/tienda\/\",\"logo\":{\"@type\":\"ImageObject\",\"inLanguage\":\"es\",\"@id\":\"https:\/\/almazaraalcaraz.com\/tienda\/#\/schema\/logo\/image\/\",\"url\":\"https:\/\/almazaraalcaraz.com\/tienda\/wp-content\/uploads\/2023\/06\/Logo-AESA_masgordo.png\",\"contentUrl\":\"https:\/\/almazaraalcaraz.com\/tienda\/wp-content\/uploads\/2023\/06\/Logo-AESA_masgordo.png\",\"width\":591,\"height\":264,\"caption\":\"Almazara de Alcaraz\"},\"image\":{\"@id\":\"https:\/\/almazaraalcaraz.com\/tienda\/#\/schema\/logo\/image\/\"},\"sameAs\":[\"https:\/\/www.facebook.com\/aesabio\/?locale=es_ES\",\"https:\/\/www.youtube.com\/@AESAsierradealcaraz\"]}]}<\/script>\n<!-- \/ Yoast SEO plugin. -->","yoast_head_json":{"title":"Almazara de Alcaraz \u2013 Aceite de Oliva Virgen Extra Ecol\u00f3gico \u2013 6 botellas de 750ml - Almazara de Alcaraz","description":"Composici\u00f3n elaborada con las variedades Picual y Arbequina. Aceite equilibrado con un gran frutado y agradable picor y amargor.Envasado con un dise\u00f1o que a\u00fana tradici\u00f3n y modernidad.","robots":{"index":"index","follow":"follow","max-snippet":"max-snippet:-1","max-image-preview":"max-image-preview:large","max-video-preview":"max-video-preview:-1"},"canonical":"https:\/\/almazaraalcaraz.com\/tienda\/producto\/almazara-de-alcaraz-aceite-de-oliva-virgen-extra-ecologico-6-botellas-de-750ml\/","og_locale":"es_ES","og_type":"article","og_title":"Almazara de Alcaraz \u2013 Aceite de Oliva Virgen Extra Ecol\u00f3gico \u2013 6 botellas de 750ml - Almazara de Alcaraz","og_description":"Composici\u00f3n elaborada con las variedades Picual y Arbequina. Aceite equilibrado con un gran frutado y agradable picor y amargor.Envasado con un dise\u00f1o que a\u00fana tradici\u00f3n y modernidad.","og_url":"https:\/\/almazaraalcaraz.com\/tienda\/producto\/almazara-de-alcaraz-aceite-de-oliva-virgen-extra-ecologico-6-botellas-de-750ml\/","og_site_name":"Almazara de Alcaraz","article_publisher":"https:\/\/www.facebook.com\/aesabio\/?locale=es_ES","article_modified_time":"2026-02-10T12:05:34+00:00","og_image":[{"width":1024,"height":1024,"url":"https:\/\/almazaraalcaraz.com\/tienda\/wp-content\/uploads\/2023\/07\/grupo-aa-750-1024x1024.png","type":"image\/png"}],"twitter_card":"summary_large_image","twitter_misc":{"Tiempo de lectura":"1 minuto"},"schema":{"@context":"https:\/\/schema.org","@graph":[{"@type":"WebPage","@id":"https:\/\/almazaraalcaraz.com\/tienda\/producto\/almazara-de-alcaraz-aceite-de-oliva-virgen-extra-ecologico-6-botellas-de-750ml\/","url":"https:\/\/almazaraalcaraz.com\/tienda\/producto\/almazara-de-alcaraz-aceite-de-oliva-virgen-extra-ecologico-6-botellas-de-750ml\/","name":"Almazara de Alcaraz \u2013 Aceite de Oliva Virgen Extra Ecol\u00f3gico \u2013 6 botellas de 750ml - Almazara de Alcaraz","isPartOf":{"@id":"https:\/\/almazaraalcaraz.com\/tienda\/#website"},"primaryImageOfPage":{"@id":"https:\/\/almazaraalcaraz.com\/tienda\/producto\/almazara-de-alcaraz-aceite-de-oliva-virgen-extra-ecologico-6-botellas-de-750ml\/#primaryimage"},"image":{"@id":"https:\/\/almazaraalcaraz.com\/tienda\/producto\/almazara-de-alcaraz-aceite-de-oliva-virgen-extra-ecologico-6-botellas-de-750ml\/#primaryimage"},"thumbnailUrl":"https:\/\/almazaraalcaraz.com\/tienda\/wp-content\/uploads\/2023\/07\/grupo-aa-750.png","datePublished":"2023-07-12T11:56:39+00:00","dateModified":"2026-02-10T12:05:34+00:00","description":"Composici\u00f3n elaborada con las variedades Picual y Arbequina. Aceite equilibrado con un gran frutado y agradable picor y amargor.Envasado con un dise\u00f1o que a\u00fana tradici\u00f3n y modernidad.","breadcrumb":{"@id":"https:\/\/almazaraalcaraz.com\/tienda\/producto\/almazara-de-alcaraz-aceite-de-oliva-virgen-extra-ecologico-6-botellas-de-750ml\/#breadcrumb"},"inLanguage":"es","potentialAction":[{"@type":"ReadAction","target":["https:\/\/almazaraalcaraz.com\/tienda\/producto\/almazara-de-alcaraz-aceite-de-oliva-virgen-extra-ecologico-6-botellas-de-750ml\/"]}]},{"@type":"ImageObject","inLanguage":"es","@id":"https:\/\/almazaraalcaraz.com\/tienda\/producto\/almazara-de-alcaraz-aceite-de-oliva-virgen-extra-ecologico-6-botellas-de-750ml\/#primaryimage","url":"https:\/\/almazaraalcaraz.com\/tienda\/wp-content\/uploads\/2023\/07\/grupo-aa-750.png","contentUrl":"https:\/\/almazaraalcaraz.com\/tienda\/wp-content\/uploads\/2023\/07\/grupo-aa-750.png","width":2000,"height":2000},{"@type":"BreadcrumbList","@id":"https:\/\/almazaraalcaraz.com\/tienda\/producto\/almazara-de-alcaraz-aceite-de-oliva-virgen-extra-ecologico-6-botellas-de-750ml\/#breadcrumb","itemListElement":[{"@type":"ListItem","position":1,"name":"Portada","item":"https:\/\/almazaraalcaraz.com\/tienda\/"},{"@type":"ListItem","position":2,"name":"Comprar","item":"https:\/\/almazaraalcaraz.com\/tienda\/comprar\/"},{"@type":"ListItem","position":3,"name":"Almazara de Alcaraz \u2013 Aceite de Oliva Virgen Extra Ecol\u00f3gico \u2013 6 botellas de 750ml"}]},{"@type":"WebSite","@id":"https:\/\/almazaraalcaraz.com\/tienda\/#website","url":"https:\/\/almazaraalcaraz.com\/tienda\/","name":"Almazara de Alcaraz","description":"Agropecuaria Ecol\u00f3gica Sierra de alcara","publisher":{"@id":"https:\/\/almazaraalcaraz.com\/tienda\/#organization"},"potentialAction":[{"@type":"SearchAction","target":{"@type":"EntryPoint","urlTemplate":"https:\/\/almazaraalcaraz.com\/tienda\/?s={search_term_string}"},"query-input":{"@type":"PropertyValueSpecification","valueRequired":true,"valueName":"search_term_string"}}],"inLanguage":"es"},{"@type":"Organization","@id":"https:\/\/almazaraalcaraz.com\/tienda\/#organization","name":"Almazara de Alcaraz","url":"https:\/\/almazaraalcaraz.com\/tienda\/","logo":{"@type":"ImageObject","inLanguage":"es","@id":"https:\/\/almazaraalcaraz.com\/tienda\/#\/schema\/logo\/image\/","url":"https:\/\/almazaraalcaraz.com\/tienda\/wp-content\/uploads\/2023\/06\/Logo-AESA_masgordo.png","contentUrl":"https:\/\/almazaraalcaraz.com\/tienda\/wp-content\/uploads\/2023\/06\/Logo-AESA_masgordo.png","width":591,"height":264,"caption":"Almazara de Alcaraz"},"image":{"@id":"https:\/\/almazaraalcaraz.com\/tienda\/#\/schema\/logo\/image\/"},"sameAs":["https:\/\/www.facebook.com\/aesabio\/?locale=es_ES","https:\/\/www.youtube.com\/@AESAsierradealcaraz"]}]}},"_links":{"self":[{"href":"https:\/\/almazaraalcaraz.com\/tienda\/wp-json\/wp\/v2\/product\/6838","targetHints":{"allow":["GET"]}}],"collection":[{"href":"https:\/\/almazaraalcaraz.com\/tienda\/wp-json\/wp\/v2\/product"}],"about":[{"href":"https:\/\/almazaraalcaraz.com\/tienda\/wp-json\/wp\/v2\/types\/product"}],"wp:featuredmedia":[{"embeddable":true,"href":"https:\/\/almazaraalcaraz.com\/tienda\/wp-json\/wp\/v2\/media\/6840"}],"wp:attachment":[{"href":"https:\/\/almazaraalcaraz.com\/tienda\/wp-json\/wp\/v2\/media?parent=6838"}],"wp:term":[{"taxonomy":"brand","embeddable":true,"href":"https:\/\/almazaraalcaraz.com\/tienda\/wp-json\/wp\/v2\/etheme_brands?post=6838"},{"taxonomy":"product_brand","embeddable":true,"href":"https:\/\/almazaraalcaraz.com\/tienda\/wp-json\/wp\/v2\/product_brand?post=6838"},{"taxonomy":"product_cat","embeddable":true,"href":"https:\/\/almazaraalcaraz.com\/tienda\/wp-json\/wp\/v2\/product_cat?post=6838"},{"taxonomy":"product_tag","embeddable":true,"href":"https:\/\/almazaraalcaraz.com\/tienda\/wp-json\/wp\/v2\/product_tag?post=6838"}],"curies":[{"name":"wp","href":"https:\/\/api.w.org\/{rel}","templated":true}]}}